{"id":88,"date":"2023-11-04T07:52:58","date_gmt":"2023-11-04T06:52:58","guid":{"rendered":"https:\/\/simpleframe.com\/?page_id=88"},"modified":"2025-01-01T23:46:14","modified_gmt":"2025-01-01T22:46:14","slug":"wideo-wyjasniajace","status":"publish","type":"page","link":"https:\/\/simpleframe.com\/pl\/video-explainer\/","title":{"rendered":"Wyja\u015bnienie wideo"},"content":{"rendered":"<p>We wsp\u00f3\u0142czesnej erze marketingu cyfrowego skuteczne promowanie produktu ma kluczowe znaczenie dla jego sukcesu. Jednym z innowacyjnych i atrakcyjnych sposob\u00f3w na zapoznanie klient\u00f3w z zaletami produktu jest wykorzystanie explainer video. Video explainery to kr\u00f3tkie filmy stworzone w celu podkre\u015blenia zalet produktu i zaprezentowania jego unikalnych cech. Pokazuj\u0105 one r\u00f3wnie\u017c wy\u017cszo\u015b\u0107 produktu nad konkurencj\u0105.<\/p>\n\n\n\n<h4 class=\"wp-block-heading\"><strong>Video explainer - dla kogo?<\/strong><\/h4>\n\n\n\n<p><br>Video explainer to wszechstronne narz\u0119dzie, kt\u00f3re mo\u017cna dostosowa\u0107 do r\u00f3\u017cnych produkt\u00f3w i odbiorc\u00f3w. Jest tworzony z zamiarem opowiedzenia atrakcyjnej historii o produkcie lub us\u0142udze. Niezale\u017cnie od tego, czy promujesz produkt niezale\u017cnie, czy jako cz\u0119\u015b\u0107 szerszej strategii marketingowej, explainery wideo mog\u0105 zaspokoi\u0107 r\u00f3\u017cne potrzeby. Te kr\u00f3tkie filmy s\u0105 czym\u015b wi\u0119cej ni\u017c tylko narz\u0119dziami sprzeda\u017cy; odgrywaj\u0105 kluczow\u0105 rol\u0119 w zbli\u017caniu klient\u00f3w do marki, oferuj\u0105c wci\u0105gaj\u0105ce i anga\u017cuj\u0105ce do\u015bwiadczenie.<br><iframe loading=\"lazy\" title=\"Intenso \/ Jira\" src=\"https:\/\/player.vimeo.com\/video\/125022101?badge=0&amp;autopause=0&amp;quality_selector=1&amp;player_id=0&amp;app_id=58479\" width=\"1280\" height=\"720\" frameborder=\"0\"><\/iframe><br><\/p>\n\n\n\n<h4 class=\"wp-block-heading\"><strong>Wieloaspektowe korzy\u015bci p\u0142yn\u0105ce z obja\u015bniaczy wideo<\/strong><\/h4>\n\n\n\n<p><br>Korzy\u015bci p\u0142yn\u0105ce z inwestycji w explainer video wykraczaj\u0105 poza aspekt sprzeda\u017cowy. Chocia\u017c filmy te rzeczywi\u015bcie przyczyniaj\u0105 si\u0119 do zwi\u0119kszenia sprzeda\u017cy poprzez przedstawienie produktu w korzystnym \u015bwietle, ich wp\u0142yw si\u0119ga dalej. Dobrze przygotowany explainer wideo mo\u017ce skutecznie utrzymywa\u0107, a nawet budowa\u0107 wizerunek marki. Marki, kt\u00f3re inwestuj\u0105 w explainery wideo, mog\u0105 wykorzystywa\u0107 je na r\u00f3\u017cnych platformach medialnych, takich jak reklamy internetowe, media spo\u0142eczno\u015bciowe i reklamy telewizyjne.<\/p>\n\n\n\n<h4 class=\"wp-block-heading\"><strong>Budowanie wi\u0119zi poprzez opowiadanie historii<\/strong><\/h4>\n\n\n\n<p><br>Wyja\u015bniacze wideo maj\u0105 moc opowiadania historii, kt\u00f3ra rezonuje z <a href=\"https:\/\/simpleframe.com\/pl\/knowledge-base\/3d-technical-animation\/\">potencja\u0142<\/a> klienci. Wyja\u015bniacze wideo wykorzystuj\u0105 elementy takie jak animacja, grafika i przekonuj\u0105ca narracja, aby upro\u015bci\u0107 z\u0142o\u017cone informacje. Takie podej\u015bcie sprawia, \u017ce produkt jest bardziej przyst\u0119pny i atrakcyjny dla docelowych odbiorc\u00f3w. Takie podej\u015bcie do opowiadania historii sprzyja po\u0142\u0105czeniu mi\u0119dzy widzem a mark\u0105, toruj\u0105c drog\u0119 do lojalno\u015bci klient\u00f3w.<\/p>\n\n\n\n<h4 class=\"wp-block-heading\"><strong>Wszechstronno\u015b\u0107 i szeroki zakres zastosowa\u0144<\/strong><\/h4>\n\n\n\n<p><br>Zastosowanie explainer video obejmuje r\u00f3\u017cne sektory i bran\u017ce. Od startup\u00f3w technologicznych prezentuj\u0105cych nowe oprogramowanie po firmy detaliczne wprowadzaj\u0105ce now\u0105 lini\u0119 produkt\u00f3w, explainery wideo mo\u017cna dostosowa\u0107 do potrzeb ka\u017cdej marki. S\u0105 one szczeg\u00f3lnie skuteczne w demonstrowaniu funkcjonalno\u015bci produkt\u00f3w, kt\u00f3re mog\u0105 by\u0107 skomplikowane lub wymaga\u0107 pewnych wyja\u015bnie\u0144, aby w pe\u0142ni je doceni\u0107.<br><iframe loading=\"lazy\" title=\"Collage of Europe - explainer wideo\" src=\"https:\/\/player.vimeo.com\/video\/186245033?badge=0&amp;autopause=0&amp;quality_selector=1&amp;player_id=0&amp;app_id=58479\" width=\"1920\" height=\"1080\" frameborder=\"0\"><\/iframe><br><\/p>\n\n\n\n<h4 class=\"wp-block-heading\"><strong>Tworzenie idealnego filmu obja\u015bniaj\u0105cego<\/strong><\/h4>\n\n\n\n<p><br>Proces tworzenia explainer video obejmuje wsp\u00f3\u0142prac\u0119 r\u00f3\u017cnych specjalist\u00f3w, w tym scenarzyst\u00f3w, grafik\u00f3w, animator\u00f3w, lektor\u00f3w i ekspert\u00f3w ds. marketingu. Wa\u017cne jest, aby explainer wideo by\u0142 nie tylko estetyczny, ale tak\u017ce bogaty w tre\u015b\u0107 i dostosowany do oczekiwa\u0144 docelowych odbiorc\u00f3w.<br><iframe loading=\"lazy\" title=\"Gamebrain\" src=\"https:\/\/player.vimeo.com\/video\/84019545?badge=0&amp;autopause=0&amp;quality_selector=1&amp;player_id=0&amp;app_id=58479\" width=\"1920\" height=\"1080\" frameborder=\"0\"><\/iframe><br><\/p>\n\n\n\n<h4 class=\"wp-block-heading\"><strong>Poprawa wizerunku i widoczno\u015bci marki<\/strong><\/h4>\n\n\n\n<p><br>Inwestycja w explainery wideo to strategiczne posuni\u0119cie, kt\u00f3re mo\u017ce znacz\u0105co poprawi\u0107 widoczno\u015b\u0107 i wizerunek marki. Poprzez sp\u00f3jne i skuteczne opowiadanie historii, marki mog\u0105 komunikowa\u0107 swoje warto\u015bci, misj\u0119 i wizj\u0119. W dzisiejszym \u015bwiecie opartym na mediach spo\u0142eczno\u015bciowych tre\u015bci mog\u0105 b\u0142yskawicznie sta\u0107 si\u0119 wirusowe. Dobrze wyprodukowany explainer wideo mo\u017ce znacznie zwi\u0119kszy\u0107 obecno\u015b\u0107 i rozpoznawalno\u015b\u0107 marki.<br><iframe loading=\"lazy\" title=\"Showreel - Animacja 2d\" src=\"https:\/\/player.vimeo.com\/video\/67118237?badge=0&amp;autopause=0&amp;quality_selector=1&amp;player_id=0&amp;app_id=58479\" width=\"1920\" height=\"1080\" frameborder=\"0\"><\/iframe><br><\/p>\n\n\n\n<h4 class=\"wp-block-heading\"><strong>Wnioski<\/strong><\/h4>\n\n\n\n<p><br>Podsumowuj\u0105c, explainery wideo s\u0105 pot\u0119\u017cnym narz\u0119dziem marketingowym, kt\u00f3re marki mog\u0105 wykorzysta\u0107 do uzyskania przewagi konkurencyjnej. Poprzez zwi\u0119z\u0142e przedstawienie zalet produktu i stworzenie przekonuj\u0105cej narracji, explainery wideo mog\u0105 znacz\u0105co przyczyni\u0107 si\u0119 do zwi\u0119kszenia sprzeda\u017cy i budowania silnej, pozytywnej obecno\u015bci marki. Dlatego te\u017c marki, kt\u00f3re chc\u0105 wywrze\u0107 trwa\u0142e wra\u017cenie i nawi\u0105za\u0107 siln\u0105 wi\u0119\u017a ze swoimi klientami, powinny rozwa\u017cy\u0107 w\u0142\u0105czenie explainer video do swojej strategii marketingowej.<\/p>\n\n\n\n<figure class=\"wp-block-image size-large\"><a href=\"https:\/\/www.youtube.com\/@SimpleFrame_FA\/videos\" rel=\"noopener\"><img loading=\"lazy\" decoding=\"async\" width=\"1024\" height=\"396\" src=\"https:\/\/simpleframe.com\/wp-content\/uploads\/2024\/04\/logo-1024x396.png\" alt=\"Wyja\u015bnienie wideo\" class=\"wp-image-796\" srcset=\"https:\/\/simpleframe.com\/wp-content\/uploads\/2024\/04\/logo-1024x396.png 1024w, https:\/\/simpleframe.com\/wp-content\/uploads\/2024\/04\/logo-300x116.png 300w, https:\/\/simpleframe.com\/wp-content\/uploads\/2024\/04\/logo-768x297.png 768w, https:\/\/simpleframe.com\/wp-content\/uploads\/2024\/04\/logo-1536x593.png 1536w, https:\/\/simpleframe.com\/wp-content\/uploads\/2024\/04\/logo-2048x791.png 2048w, https:\/\/simpleframe.com\/wp-content\/uploads\/2024\/04\/logo-1000x386.png 1000w, https:\/\/simpleframe.com\/wp-content\/uploads\/2024\/04\/logo-230x89.png 230w, https:\/\/simpleframe.com\/wp-content\/uploads\/2024\/04\/logo-350x135.png 350w, https:\/\/simpleframe.com\/wp-content\/uploads\/2024\/04\/logo-480x185.png 480w\" sizes=\"auto, (max-width: 1024px) 100vw, 1024px\" \/><\/a><\/figure>","protected":false},"excerpt":{"rendered":"<p>In the modern era of digital marketing, effectively promoting a product is essential for its success. One innovative and compelling way to [&hellip;]<\/p>\n","protected":false},"author":1,"featured_media":0,"parent":0,"menu_order":0,"comment_status":"closed","ping_status":"closed","template":"","meta":{"footnotes":""},"class_list":["post-88","page","type-page","status-publish","hentry"],"_links":{"self":[{"href":"https:\/\/simpleframe.com\/pl\/wp-json\/wp\/v2\/pages\/88","targetHints":{"allow":["GET"]}}],"collection":[{"href":"https:\/\/simpleframe.com\/pl\/wp-json\/wp\/v2\/pages"}],"about":[{"href":"https:\/\/simpleframe.com\/pl\/wp-json\/wp\/v2\/types\/page"}],"author":[{"embeddable":true,"href":"https:\/\/simpleframe.com\/pl\/wp-json\/wp\/v2\/users\/1"}],"replies":[{"embeddable":true,"href":"https:\/\/simpleframe.com\/pl\/wp-json\/wp\/v2\/comments?post=88"}],"version-history":[{"count":12,"href":"https:\/\/simpleframe.com\/pl\/wp-json\/wp\/v2\/pages\/88\/revisions"}],"predecessor-version":[{"id":1086,"href":"https:\/\/simpleframe.com\/pl\/wp-json\/wp\/v2\/pages\/88\/revisions\/1086"}],"wp:attachment":[{"href":"https:\/\/simpleframe.com\/pl\/wp-json\/wp\/v2\/media?parent=88"}],"curies":[{"name":"wp","href":"https:\/\/api.w.org\/{rel}","templated":true}]}}