{"id":81,"date":"2023-11-03T18:59:50","date_gmt":"2023-11-03T17:59:50","guid":{"rendered":"https:\/\/simpleframe.com\/?page_id=81"},"modified":"2025-01-01T23:30:25","modified_gmt":"2025-01-01T22:30:25","slug":"product-animation","status":"publish","type":"page","link":"https:\/\/simpleframe.com\/pl\/product-animation\/","title":{"rendered":"Animacja produktu - Wejd\u017a do magicznego \u015bwiata animacji 3D"},"content":{"rendered":"<h2 class=\"wp-block-heading\">Animacja produktu jako alternatywa dla filmu<\/h2>\n\n\n\n<p>W dynamicznym krajobrazie marketingu produktowego \"animacja produktu\" pojawi\u0142a si\u0119 jako innowacyjna i skuteczna strategia prezentowania unikalnych cech i zalet r\u00f3\u017cnych produkt\u00f3w. Studio Simple Frame, specjalizuj\u0105ce si\u0119 w tworzeniu atrakcyjnych tr\u00f3jwymiarowych animacji, stoi na czele tej rewolucji. Wykorzystuj\u0105c moc technologii 3D, studio tworzy wci\u0105gaj\u0105ce i wizualnie uderzaj\u0105ce animacje produkt\u00f3w. Animacje te o\u017cywiaj\u0105 produkty, skutecznie prezentuj\u0105c ich cechy i atrakcyjno\u015b\u0107.<\/p>\n\n\n\n<h2 class=\"wp-block-heading\">Nasza wizja<\/h2>\n\n\n\n<p>Zesp\u00f3\u0142 studia Simple Frame g\u0142\u0119boko wierzy, \u017ce 3D <a href=\"https:\/\/simpleframe.com\/pl\/knowledge-base\/product-animation-videos\/\">animacja produktu<\/a> to niezr\u00f3wnane medium do prezentacji produkt\u00f3w. Podej\u015bcie to jest szczeg\u00f3lnie skuteczne w przypadku przedmiot\u00f3w o z\u0142o\u017conej strukturze lub skomplikowanych szczeg\u00f3\u0142ach. Animacja produktu zapewnia form\u0119 wizualn\u0105, kt\u00f3ra umo\u017cliwia dok\u0142adne przedstawienie produktu. Pozwala odbiorcom zobaczy\u0107 go pod ka\u017cdym k\u0105tem, zbada\u0107 jego wn\u0119trze i zrozumie\u0107 jego funkcje.<\/p>\n\n\n\n<p>Co wi\u0119cej, animacje 3D mog\u0105 p\u0142ynnie s\u0142u\u017cy\u0107 jako przewodniki instrukta\u017cowe, zapewniaj\u0105c potencjalnym klientom jasne zrozumienie sposobu dzia\u0142ania produktu.<br><iframe loading=\"lazy\" title=\"Fujitsu_Keta\" src=\"https:\/\/player.vimeo.com\/video\/433911551?badge=0&amp;autopause=0&amp;quality_selector=1&amp;player_id=0&amp;app_id=58479\" width=\"1920\" height=\"1080\" frameborder=\"0\"><\/iframe><br>Jedn\u0105 z g\u0142\u00f3wnych zalet korzystania z animacji produkt\u00f3w jest jej zdolno\u015b\u0107 do podniesienia poziomu prezentacji produkt\u00f3w, kt\u00f3re w przeciwnym razie mog\u0105 wydawa\u0107 si\u0119 nieatrakcyjne ze wzgl\u0119du na ich przemys\u0142owe otoczenie lub charakter \u015brodowiska produkcyjnego, takiego jak fabryki. W takich scenariuszach starannie wykonana animacja wideo mo\u017ce skutecznie zwr\u00f3ci\u0107 uwag\u0119 na produkt, podkre\u015blaj\u0105c jego cechy i zalety w spos\u00f3b, kt\u00f3rego tradycyjne media marketingowe mog\u0105 nie osi\u0105gn\u0105\u0107.<\/p>\n\n\n\n<figure class=\"wp-block-image size-full\"><img decoding=\"async\" src=\"https:\/\/simpleframe.com\/wp-content\/uploads\/2024\/03\/3d_01.jpg\" alt=\"product animation\"\/><\/figure>\n\n\n\n<p>Tr\u00f3jwymiarowa animacja, rozpoznawana r\u00f3wnie\u017c jako <a href=\"https:\/\/simpleframe.com\/pl\/knowledge-base\/computer-animation-production-system\/\">animacja komputerowa<\/a>Zapewnia to, \u017ce prezentacje s\u0105 nie tylko profesjonalne, ale tak\u017ce najwy\u017cszej jako\u015bci. <a href=\"https:\/\/www.produkcja-filmowa.pl\/\" rel=\"noopener\">Prosta ramka<\/a> Studio jest dumne z dostarczania animacji produktowych, kt\u00f3re s\u0105 harmonijnym po\u0142\u0105czeniem atrakcyjnych wizualnie obraz\u00f3w i d\u017awi\u0119k\u00f3w, precyzyjnie dostosowanych do konkretnych wymaga\u0144 i oczekiwa\u0144 klient\u00f3w.<\/p>\n\n\n\n<h2 class=\"wp-block-heading\">Proces tworzenia<\/h2>\n\n\n\n<p>W studiu Simple Frame proces tworzenia animacji produktu rozpoczyna si\u0119 od skrupulatnego zrozumienia zawi\u0142o\u015bci produktu i wizji klienta. Dzi\u0119ki zastosowaniu najnowocze\u015bniejszych <a href=\"https:\/\/simpleframe.com\/pl\/knowledge-base\/the-power-of-3d-animation-voestelpine\/\">Animacja 3D<\/a> Dzi\u0119ki narz\u0119dziom i oprogramowaniu wykwalifikowani animatorzy w studiu skrupulatnie tworz\u0105 animacje, kt\u00f3re s\u0105 szczeg\u00f3\u0142owym i dok\u0142adnym odwzorowaniem produktu. <\/p>\n\n\n\n<p>Animacje maj\u0105 na celu przyci\u0105gni\u0119cie uwagi widza i skuteczne przekazanie istoty produktu.<br><iframe loading=\"lazy\" title=\"Orange_Funbox\" src=\"https:\/\/player.vimeo.com\/video\/250253282?badge=0&amp;autopause=0&amp;quality_selector=1&amp;player_id=0&amp;app_id=58479\" width=\"1920\" height=\"1080\" frameborder=\"0\"><\/iframe><br><\/p>\n\n\n\n<p>Na przyk\u0142ad <a href=\"https:\/\/simpleframe.com\/pl\/elevate-your-product-presentations-with-3d-technical-animation\/\">animacja produktu<\/a> dla z\u0142o\u017conego urz\u0105dzenia mo\u017ce skutecznie zademonstrowa\u0107 jego monta\u017c, komponenty i dzia\u0142anie. Upraszcza zawi\u0142e szczeg\u00f3\u0142y do anga\u017cuj\u0105cego i zrozumia\u0142ego formatu. Takie animacje rozk\u0142adaj\u0105 z\u0142o\u017cone procesy na \u0142atwo przyswajalne tre\u015bci wizualne. Takie podej\u015bcie sprawia, \u017ce informacje s\u0105 dost\u0119pne i atrakcyjne dla szerokiego grona odbiorc\u00f3w. Wykorzystuj\u0105c strategiczne o\u015bwietlenie, d\u017awi\u0119k i k\u0105ty kamery, studio Simple Frame zapewnia, \u017ce ka\u017cda animacja produktu staje si\u0119 wci\u0105gaj\u0105c\u0105 wizualn\u0105 podr\u00f3\u017c\u0105.<\/p>\n\n\n\n<h2 class=\"wp-block-heading\">Animacja 3D - wsparcie dla firm<\/h2>\n\n\n\n<p>Co wi\u0119cej, animacje produkt\u00f3w mog\u0105 by\u0107 nieocenionymi zasobami dla firm, kt\u00f3re chc\u0105 zwi\u0119kszy\u0107 sw\u00f3j zasi\u0119g za po\u015brednictwem platform cyfrowych. Niezale\u017cnie od tego, czy chodzi o kampanie marketingowe online, promocje w mediach spo\u0142eczno\u015bciowych, czy oferty e-commerce, animacje produkt\u00f3w stworzone przez studio Simple Frame s\u0105 wszechstronne i mo\u017cna je dostosowa\u0107 do r\u00f3\u017cnych platform.<br><iframe loading=\"lazy\" title=\"Kamoka_3d\" src=\"https:\/\/player.vimeo.com\/video\/629901725?badge=0&amp;autopause=0&amp;quality_selector=1&amp;player_id=0&amp;app_id=58479\" width=\"1920\" height=\"1080\" frameborder=\"0\"><\/iframe><br>Podsumowuj\u0105c, Simple Frame <a href=\"https:\/\/simpleframe.com\/pl\/product-animation-e-containers\/\">studio<\/a>Specjalizuj\u0105ca si\u0119 w tr\u00f3jwymiarowych animacjach, oferuje pot\u0119\u017cne rozwi\u0105zanie dla firm, kt\u00f3re chc\u0105 ulepszy\u0107 swoje produkty. <a href=\"https:\/\/simpleframe.com\/pl\/knowledge-base\/presentations-with-3d-technical-animation\/\">prezentacje produkt\u00f3w<\/a>. <\/p>\n\n\n\n<p>Studio tworzy animacje produkt\u00f3w, kt\u00f3re p\u0142ynnie \u0142\u0105cz\u0105 estetyk\u0119, dok\u0142adno\u015b\u0107 i wiedz\u0119 marketingow\u0105. Zapewnia to, \u017ce nawet najbardziej z\u0142o\u017cone lub przyziemne produkty s\u0105 prezentowane w najlepszym \u015bwietle. Animacje produktowe maj\u0105 udowodniony wp\u0142yw na zwi\u0119kszenie obecno\u015bci produktu na rynku. Podkre\u015bla to jego <a href=\"https:\/\/simpleframe.com\/pl\/knowledge-base\/3d-technical-animation\/\">potencja\u0142<\/a> jako niezb\u0119dne narz\u0119dzie w nowoczesnych strategiach marketingowych.<\/p>\n\n\n\n<figure class=\"wp-block-image size-full\"><img loading=\"lazy\" decoding=\"async\" width=\"960\" height=\"300\" src=\"http:\/\/simpleframe.com\/wp-content\/uploads\/2024\/03\/3d_03.jpg\" alt=\"product animation\" class=\"wp-image-633\" srcset=\"https:\/\/simpleframe.com\/wp-content\/uploads\/2024\/03\/3d_03.jpg 960w, https:\/\/simpleframe.com\/wp-content\/uploads\/2024\/03\/3d_03-300x94.jpg 300w, https:\/\/simpleframe.com\/wp-content\/uploads\/2024\/03\/3d_03-768x240.jpg 768w, https:\/\/simpleframe.com\/wp-content\/uploads\/2024\/03\/3d_03-230x72.jpg 230w, https:\/\/simpleframe.com\/wp-content\/uploads\/2024\/03\/3d_03-350x109.jpg 350w, https:\/\/simpleframe.com\/wp-content\/uploads\/2024\/03\/3d_03-480x150.jpg 480w\" sizes=\"auto, (max-width: 960px) 100vw, 960px\" \/><\/figure>","protected":false},"excerpt":{"rendered":"<p>Product animation as an alternative to film In the dynamic landscape of product marketing, &#8220;Product animation&#8221; has emerged as an innovative and [&hellip;]<\/p>\n","protected":false},"author":1,"featured_media":0,"parent":0,"menu_order":0,"comment_status":"closed","ping_status":"closed","template":"","meta":{"footnotes":""},"class_list":["post-81","page","type-page","status-publish","hentry"],"_links":{"self":[{"href":"https:\/\/simpleframe.com\/pl\/wp-json\/wp\/v2\/pages\/81","targetHints":{"allow":["GET"]}}],"collection":[{"href":"https:\/\/simpleframe.com\/pl\/wp-json\/wp\/v2\/pages"}],"about":[{"href":"https:\/\/simpleframe.com\/pl\/wp-json\/wp\/v2\/types\/page"}],"author":[{"embeddable":true,"href":"https:\/\/simpleframe.com\/pl\/wp-json\/wp\/v2\/users\/1"}],"replies":[{"embeddable":true,"href":"https:\/\/simpleframe.com\/pl\/wp-json\/wp\/v2\/comments?post=81"}],"version-history":[{"count":15,"href":"https:\/\/simpleframe.com\/pl\/wp-json\/wp\/v2\/pages\/81\/revisions"}],"predecessor-version":[{"id":1074,"href":"https:\/\/simpleframe.com\/pl\/wp-json\/wp\/v2\/pages\/81\/revisions\/1074"}],"wp:attachment":[{"href":"https:\/\/simpleframe.com\/pl\/wp-json\/wp\/v2\/media?parent=81"}],"curies":[{"name":"wp","href":"https:\/\/api.w.org\/{rel}","templated":true}]}}