{"id":241,"date":"2023-12-26T06:01:03","date_gmt":"2023-12-26T05:01:03","guid":{"rendered":"https:\/\/simpleframe.com\/?page_id=241"},"modified":"2025-01-01T23:54:00","modified_gmt":"2025-01-01T22:54:00","slug":"empowering-your-marketing-3d-animations","status":"publish","type":"page","link":"https:\/\/simpleframe.com\/pl\/empowering-your-marketing-3d-animations\/","title":{"rendered":"Fajne animacje 3D - wzmocnienie marketingu"},"content":{"rendered":"<h2 class=\"wp-block-heading\"><strong>Simple Frame: Wzmocnienie dzia\u0142a\u0144 marketingowych dzi\u0119ki najnowocze\u015bniejszym animacjom 3D<\/strong><\/h2>\n\n\n\n<p>W dzisiejszym dynamicznym i konkurencyjnym krajobrazie marketingowym firmy nieustannie poszukuj\u0105 innowacyjnych sposob\u00f3w na zaanga\u017cowanie swoich odbiorc\u00f3w. Staraj\u0105 si\u0119 wyr\u00f3\u017cni\u0107 z t\u0142umu dzi\u0119ki unikalnym strategiom. Simple Frame 3D <a href=\"https:\/\/www.animacje-komputerowe.com.pl\/\" rel=\"noopener\">Studio animacji<\/a> wyr\u00f3\u017cnia si\u0119 jako zaufany partner dla tych firm. Studio wykorzystuje urzekaj\u0105ce <a href=\"https:\/\/simpleframe.com\/pl\/knowledge-base\/the-power-of-3d-animation-voestelpine\/\">Animacja 3D<\/a> aby przekszta\u0142ci\u0107 kampanie marketingowe w efektowne do\u015bwiadczenia wizualne.<\/p>\n\n\n\n<h2 class=\"wp-block-heading\"><strong>Cyfrowa transformacja: Redefiniowanie marketingu za pomoc\u0105 animacji 3D<\/strong><\/h2>\n\n\n\n<p><\/p>\n\n\n\n<p><iframe loading=\"lazy\" title=\"ZPUE - animacja produktowa\" src=\"https:\/\/player.vimeo.com\/video\/706860745?badge=0&amp;autopause=0&amp;player_id=0&amp;app_id=58479\" width=\"1920\" height=\"1080\" frameborder=\"0\"><\/iframe><\/p>\n\n\n\n<p>Ewolucja marketingu odzwierciedla post\u0119p technologiczny naszych czas\u00f3w. Tradycyjne kana\u0142y marketingowe, takie jak reklamy drukowane i reklamy telewizyjne na \u017cywo, s\u0105 zast\u0119powane w erze cyfrowej. Obecnie kr\u00f3luj\u0105 wci\u0105gaj\u0105ce do\u015bwiadczenia i interaktywne tre\u015bci. Simple Frame 3D Animation Studio przewodzi tej cyfrowej transformacji. Studio oferuje najnowocze\u015bniejsze rozwi\u0105zania w zakresie animacji 3D, kt\u00f3re wznosz\u0105 materia\u0142y marketingowe na nowy poziom.<\/p>\n\n\n\n<figure class=\"wp-block-image size-large\"><img loading=\"lazy\" decoding=\"async\" width=\"1024\" height=\"320\" src=\"http:\/\/simpleframe.com\/wp-content\/uploads\/2024\/01\/Film_reklamowy_02-1024x320.jpg\" alt=\"3d animations\" class=\"wp-image-287\" srcset=\"https:\/\/simpleframe.com\/wp-content\/uploads\/2024\/01\/Film_reklamowy_02-1024x320.jpg 1024w, https:\/\/simpleframe.com\/wp-content\/uploads\/2024\/01\/Film_reklamowy_02-300x94.jpg 300w, https:\/\/simpleframe.com\/wp-content\/uploads\/2024\/01\/Film_reklamowy_02-768x240.jpg 768w, https:\/\/simpleframe.com\/wp-content\/uploads\/2024\/01\/Film_reklamowy_02-1536x480.jpg 1536w, https:\/\/simpleframe.com\/wp-content\/uploads\/2024\/01\/Film_reklamowy_02-1000x313.jpg 1000w, https:\/\/simpleframe.com\/wp-content\/uploads\/2024\/01\/Film_reklamowy_02-230x72.jpg 230w, https:\/\/simpleframe.com\/wp-content\/uploads\/2024\/01\/Film_reklamowy_02-350x109.jpg 350w, https:\/\/simpleframe.com\/wp-content\/uploads\/2024\/01\/Film_reklamowy_02-480x150.jpg 480w, https:\/\/simpleframe.com\/wp-content\/uploads\/2024\/01\/Film_reklamowy_02.jpg 1920w\" sizes=\"auto, (max-width: 1024px) 100vw, 1024px\" \/><\/figure>\n\n\n\n<h2 class=\"wp-block-heading\"><strong>Nieprzemijaj\u0105ca moc animacji 3D: Urzekaj\u0105ca publiczno\u015b\u0107 i wywieraj\u0105ca wp\u0142yw<\/strong><\/h2>\n\n\n\n<p>Animacja 3D zrewolucjonizowa\u0142a \u015bwiat marketingu, oferuj\u0105c pot\u0119\u017cne narz\u0119dzie do przyci\u0105gania uwagi odbiorc\u00f3w i skutecznego przekazywania wiadomo\u015bci. Animacja 3D oferuje dynamiczny i wci\u0105gaj\u0105cy spos\u00f3b prezentacji produkt\u00f3w, us\u0142ug i narracji marki. To odr\u00f3\u017cnia j\u0105 od tradycyjnych materia\u0142\u00f3w marketingowych.<\/p>\n\n\n\n<h2 class=\"wp-block-heading\"><strong>Simple Frame: Tw\u00f3j partner w doskona\u0142ej animacji 3D<\/strong><\/h2>\n\n\n\n<p>Simple Frame 3D Animation Studio specjalizuje si\u0119 w dostarczaniu najwy\u017cszej jako\u015bci animacji 3D. <a href=\"https:\/\/simpleframe.pl\/produkcja-animacji\/\" rel=\"noopener\">us\u0142ugi animacji<\/a>. Us\u0142ugi te wynosz\u0105 materia\u0142y marketingowe na zupe\u0142nie nowy poziom. Nasz zesp\u00f3\u0142 do\u015bwiadczonych animator\u00f3w i kreatywnych profesjonalist\u00f3w doskonale rozumie trendy rynkowe i preferencje klient\u00f3w. Gwarantuje to, \u017ce animacje b\u0119d\u0105 skutecznie rezonowa\u0107 z docelowymi odbiorcami.<\/p>\n\n\n\n<h2 class=\"wp-block-heading\"><strong>Nasz kompleksowy pakiet us\u0142ug:<\/strong><\/h2>\n\n\n<p><iframe loading=\"lazy\" title=\"Smay_PL\" src=\"https:\/\/player.vimeo.com\/video\/875628158?badge=0&amp;autopause=0&amp;player_id=0&amp;app_id=58479\" width=\"1920\" height=\"1080\" frameborder=\"0\"><\/iframe><\/p>\n\n\n<p>Simple Frame oferuje kompleksowy pakiet us\u0142ug animacji 3D, aby zaspokoi\u0107 r\u00f3\u017cnorodne potrzeby firm z r\u00f3\u017cnych bran\u017c. Nasze us\u0142ugi obejmuj\u0105:<\/p>\n\n\n\n<ol class=\"wp-block-list\">\n<li><strong>Rozw\u00f3j koncepcji:<\/strong> \u015aci\u015ble wsp\u00f3\u0142pracujemy z Tob\u0105, aby zrozumie\u0107 Twoj\u0105 wizj\u0119 i opracowa\u0107 atrakcyjn\u0105 koncepcj\u0119 animacji 3D, kt\u00f3ra b\u0119dzie zgodna z Twoimi celami marketingowymi.<\/li>\n\n\n\n<li><strong>3D <a href=\"https:\/\/simpleframe.com\/pl\/knowledge-base\/what-is-3d-modeling\/\">Modelowanie<\/a> oraz <a href=\"https:\/\/simpleframe.com\/pl\/knowledge-base\/what-is-texturing-in-3d-animation\/\">Teksturowanie<\/a>:<\/strong> Nasz zesp\u00f3\u0142 wykwalifikowanych modelarzy 3D tworzy wysokiej jako\u015bci modele 3D produkt\u00f3w, postaci lub \u015brodowisk, zapewniaj\u0105c fotorealistyczn\u0105 dok\u0142adno\u015b\u0107 i szczeg\u00f3\u0142owo\u015b\u0107.<\/li>\n\n\n\n<li><strong>Produkcja animacji:<\/strong> Wykorzystujemy najnowocze\u015bniejsze oprogramowanie do animacji, aby o\u017cywi\u0107 modele 3D, tworz\u0105c wci\u0105gaj\u0105ce animacje, kt\u00f3re skutecznie komunikuj\u0105 przekaz marki.<\/li>\n\n\n\n<li><strong>Efekty wizualne (FX):<\/strong> Wykorzystujemy osza\u0142amiaj\u0105ce efekty wizualne (FX), aby zwi\u0119kszy\u0107 realizm i wp\u0142yw animacji, dodaj\u0105c g\u0142\u0119bi i wymiaru opowiadanej historii.<\/li>\n\n\n\n<li><strong><a href=\"https:\/\/simpleframe.com\/pl\/knowledge-base\/film-production\/\">Produkcja wideo<\/a>:<\/strong> P\u0142ynnie integrujemy animacje 3D z wysokiej jako\u015bci filmami marketingowymi, tworz\u0105c anga\u017cuj\u0105ce i atrakcyjne wizualnie tre\u015bci, kt\u00f3re trafiaj\u0105 do odbiorc\u00f3w.<\/li>\n\n\n\n<li><strong>Projekt graficzny:<\/strong> Nasz zesp\u00f3\u0142 <a href=\"https:\/\/simpleframe.com\/pl\/\" data-type=\"link\" data-id=\"https:\/\/simpleframe.com\/\">graficy<\/a> tworzy przyci\u0105gaj\u0105ce wzrok grafiki i wizualizacje, kt\u00f3re uzupe\u0142niaj\u0105 animacje i materia\u0142y marketingowe, zwi\u0119kszaj\u0105c ich og\u00f3ln\u0105 atrakcyjno\u015b\u0107.<\/li>\n\n\n\n<li><strong>Us\u0142ugi od koncepcji do realizacji:<\/strong> Zajmujemy si\u0119 ka\u017cdym aspektem projektu animacji 3D, od opracowania koncepcji po ostateczn\u0105 produkcj\u0119, zapewniaj\u0105c p\u0142ynny i wydajny proces.<\/li>\n\n\n\n<li><strong>Animacje prezentuj\u0105ce produkty:<\/strong> Tworzymy wci\u0105gaj\u0105ce animacje, kt\u00f3re prezentuj\u0105 funkcje i zalety produkt\u00f3w, czyni\u0105c je bardziej atrakcyjnymi dla klient\u00f3w. <a href=\"https:\/\/simpleframe.com\/pl\/knowledge-base\/3d-technical-animation\/\">potencja\u0142<\/a> klienci.<\/li>\n\n\n\n<li><strong>Filmy wyja\u015bniaj\u0105ce:<\/strong> Tworzymy anga\u017cuj\u0105ce filmy instrukta\u017cowe, kt\u00f3re upraszczaj\u0105 z\u0142o\u017cone koncepcje i pomagaj\u0105 odbiorcom lepiej zrozumie\u0107 ofert\u0119.<\/li>\n\n\n\n<li><strong>Kreatywne kampanie marketingowe:<\/strong> Wsp\u00f3\u0142pracujemy z Tob\u0105 przy projektowaniu i wdra\u017caniu kreatywnych kampanii marketingowych z wykorzystaniem animacji 3D, zapewniaj\u0105c sp\u00f3jn\u0105 i skuteczn\u0105 og\u00f3ln\u0105 strategi\u0119.<\/li>\n<\/ol>\n\n\n<p><iframe loading=\"lazy\" title=\"Ice-ON_wersja angielska\" src=\"https:\/\/player.vimeo.com\/video\/403637596?badge=0&amp;autopause=0&amp;player_id=0&amp;app_id=58479\" width=\"1920\" height=\"1080\" frameborder=\"0\"><\/iframe><\/p>\n\n\n<h4 class=\"wp-block-heading\"><strong>Jak Simple Frame mo\u017ce zmieni\u0107 Twoje dzia\u0142ania marketingowe:<\/strong><\/h4>\n\n\n\n<ol class=\"wp-block-list\">\n<li><strong>Zwi\u0119kszone zaanga\u017cowanie:<\/strong> Nasz <a href=\"https:\/\/simpleframe.pl\/animacja-techniczna\/\" data-type=\"link\" data-id=\"https:\/\/simpleframe.pl\/animacja-techniczna\/\" rel=\"noopener\">Animacje 3D<\/a> przyci\u0105gaj\u0105 uwag\u0119 odbiorc\u00f3w i zwi\u0119kszaj\u0105 zaanga\u017cowanie, dzi\u0119ki czemu materia\u0142y marketingowe s\u0105 bardziej zapadaj\u0105ce w pami\u0119\u0107 i skuteczne.<\/li>\n\n\n\n<li><strong>Wzmocnienie marki:<\/strong> Animacja 3D tchnie \u017cycie w Twoj\u0105 mark\u0119, tworz\u0105c silniejsz\u0105 wi\u0119\u017a emocjonaln\u0105 z docelowymi odbiorcami.<\/li>\n\n\n\n<li><strong>Kreatywne r\u00f3\u017cnicowanie:<\/strong> Wyr\u00f3\u017cnij si\u0119 na tle konkurencji dzi\u0119ki naszym unikalnym i innowacyjnym rozwi\u0105zaniom w zakresie animacji 3D.<\/li>\n\n\n\n<li><strong>Zwi\u0119kszona sprzeda\u017c i zwrot z inwestycji:<\/strong> Nasze atrakcyjne animacje 3D nap\u0119dzaj\u0105 sprzeda\u017c i zwi\u0119kszaj\u0105 og\u00f3lny zwrot z inwestycji w kampanie marketingowe.<\/li>\n<\/ol>\n\n\n\n<h2 class=\"wp-block-heading\"><strong>Zosta\u0144 partnerem Simple Frame 3D Animation Studio i pozw\u00f3l nam pom\u00f3c Ci wznie\u015b\u0107 Twoje dzia\u0142ania marketingowe na nowy poziom.<\/strong><\/h2>\n\n\n\n<p>Dzi\u0119ki do\u015bwiadczeniu, kreatywno\u015bci i pasji do animacji 3D przekszta\u0142camy materia\u0142y marketingowe w porywaj\u0105ce do\u015bwiadczenia zwi\u0105zane z mark\u0105. Te do\u015bwiadczenia rezonuj\u0105 z odbiorcami i nap\u0119dzaj\u0105 wp\u0142ywowe wyniki. Skontaktuj si\u0119 z nami ju\u017c dzi\u015b, aby om\u00f3wi\u0107 swoje potrzeby w zakresie animacji 3D i dowiedzie\u0107 si\u0119, jak mo\u017cemy pom\u00f3c Ci osi\u0105gn\u0105\u0107 Twoje cele marketingowe.<\/p>\n\n\n\n<p><\/p>","protected":false},"excerpt":{"rendered":"<p>Simple Frame: Empowering Your Marketing Efforts with Cutting-Edge 3D Animations In today&#8217;s dynamic and competitive marketing landscape, businesses constantly look for innovative [&hellip;]<\/p>\n","protected":false},"author":1,"featured_media":0,"parent":0,"menu_order":0,"comment_status":"closed","ping_status":"closed","template":"","meta":{"footnotes":""},"class_list":["post-241","page","type-page","status-publish","hentry"],"_links":{"self":[{"href":"https:\/\/simpleframe.com\/pl\/wp-json\/wp\/v2\/pages\/241","targetHints":{"allow":["GET"]}}],"collection":[{"href":"https:\/\/simpleframe.com\/pl\/wp-json\/wp\/v2\/pages"}],"about":[{"href":"https:\/\/simpleframe.com\/pl\/wp-json\/wp\/v2\/types\/page"}],"author":[{"embeddable":true,"href":"https:\/\/simpleframe.com\/pl\/wp-json\/wp\/v2\/users\/1"}],"replies":[{"embeddable":true,"href":"https:\/\/simpleframe.com\/pl\/wp-json\/wp\/v2\/comments?post=241"}],"version-history":[{"count":19,"href":"https:\/\/simpleframe.com\/pl\/wp-json\/wp\/v2\/pages\/241\/revisions"}],"predecessor-version":[{"id":1094,"href":"https:\/\/simpleframe.com\/pl\/wp-json\/wp\/v2\/pages\/241\/revisions\/1094"}],"wp:attachment":[{"href":"https:\/\/simpleframe.com\/pl\/wp-json\/wp\/v2\/media?parent=241"}],"curies":[{"name":"wp","href":"https:\/\/api.w.org\/{rel}","templated":true}]}}