{"id":24,"date":"2023-11-03T17:42:42","date_gmt":"2023-11-03T16:42:42","guid":{"rendered":"https:\/\/simpleframe.com\/?page_id=24"},"modified":"2025-05-28T15:28:34","modified_gmt":"2025-05-28T13:28:34","slug":"3d-animations","status":"publish","type":"page","link":"https:\/\/simpleframe.com\/pl\/","title":{"rendered":"Animacje 3D - Wejd\u017a do \u015bwiata wyj\u0105tkowych animacji!"},"content":{"rendered":"<h2 class=\"wp-block-heading\">\u015awiat animacji<\/h2>\n\n\n\n<p>Tworzymy najbardziej zaawansowane <a href=\"https:\/\/simpleframe.com\/pl\/product-campaign-with-3d-animation\/\">Animacje 3d<\/a> dla naszych klient\u00f3w indywidualnych i korporacyjnych, a tak\u017ce dla sieci telewizyjnych, agencji reklamowych i PR. Technika, kt\u00f3rej u\u017cywamy w naszych produkcjach to dobrze stonowana mieszanka pomi\u0119dzy <a href=\"https:\/\/simpleframe.com\/pl\/knowledge-base\/the-power-of-3d-animation-voestelpine\/\">Animacja 3D<\/a> i materia\u0142 filmowy. Korzystaj\u0105c z najnowszego oprogramowania jeste\u015bmy w stanie stworzy\u0107 nawet najbardziej skomplikowan\u0105 animacj\u0119. \u015awiat animacji usuwa bariery mi\u0119dzy twoj\u0105 wyobra\u017ani\u0105 a czym\u015b, co chcesz zobaczy\u0107 na ekranie. Wcielimy Twoje pomys\u0142y w \u017cycie, tworz\u0105c produkt w dok\u0142adnie taki spos\u00f3b, w jaki chcesz go zobaczy\u0107. Mo\u017cemy zaoferowa\u0107 animacj\u0119 w 2D lub dla tych, kt\u00f3rzy chc\u0105 p\u00f3j\u015b\u0107 o krok dalej, <a href=\"https:\/\/simpleframe.pl\/produkcja-animacji\/\" rel=\"noopener\">Animacja 3D<\/a>. <\/p>\n\n\n\n<h2 class=\"wp-block-heading\">Nasze narz\u0119dzia<\/h2>\n\n\n\n<p>Do regulacji kolor\u00f3w u\u017cywamy DaVinci Resolve 18. Tworzymy <a href=\"https:\/\/simpleframe.pl\/animacja-techniczna\/\" rel=\"noopener\">animacje<\/a> na oprogramowaniu takim jak Lightwave, Blender czy Maya. Pracujemy na zestawach do edycji wideo, takich jak offline Avid Media Composer, Adobe Premiere lub online Blackmagic Fusion. Po prostu powiedz nam, jak widzisz sw\u00f3j pomys\u0142, a my Ci go poka\u017cemy.<\/p>\n\n\n\n<p><iframe loading=\"lazy\" title=\"Showreel - animacje 3d\" src=\"https:\/\/player.vimeo.com\/video\/53487732?badge=0&amp;autopause=0&amp;quality_selector=1&amp;player_id=0&amp;app_id=58479\" width=\"1920\" height=\"1080\" frameborder=\"0\"><\/iframe><\/p>\n\n\n\n<h2 class=\"wp-block-heading\">Jak tworzona jest animacja 3D?<\/h2>\n\n\n\n<p>Nasze bogate do\u015bwiadczenie i zesp\u00f3\u0142 ekspert\u00f3w zapewniaj\u0105 wynik spe\u0142niaj\u0105cy Twoje oczekiwania. Rozpoczynamy proces tworzenia <a href=\"https:\/\/www.produkcja-filmowa.pl\/animacja-komputerowa\" rel=\"noopener\">Animacje 3D<\/a> poprzez dyskusj\u0119 z klientem lub opracowanie najlepszego mo\u017cliwego pomys\u0142u, kt\u00f3ry stanowi podstaw\u0119 scenariusza. Podobnie jak w przypadku ka\u017cdego kr\u00f3tkiego filmu reklamowego, koncepcja musi wyr\u00f3\u017cnia\u0107 ca\u0142y projekt na tle innych podobnych animacji i film\u00f3w. Tylko doskona\u0142y pomys\u0142 i najwy\u017cszej klasy wykonanie animacji 3D zaowocuje kompletnym, atrakcyjnym i skutecznym dzie\u0142em. Tworzymy animacje 3D w \u015bcis\u0142ej wsp\u00f3\u0142pracy z klientami, aby usprawni\u0107 proces. Takie podej\u015bcie oszcz\u0119dza czas i zapewnia zgodno\u015b\u0107 wyniku z zamierzonymi celami.<\/p>\n\n\n\n<p><iframe loading=\"lazy\" title=\"ZPAS_Products\" src=\"https:\/\/player.vimeo.com\/video\/878641548?badge=0&amp;autopause=0&amp;quality_selector=1&amp;player_id=0&amp;app_id=58479\" width=\"1920\" height=\"1080\" frameborder=\"0\"><\/iframe><\/p>\n\n\n\n<h2 class=\"wp-block-heading\">Dlaczego i jak korzysta\u0107 z animacji 3D?<\/h2>\n\n\n\n<p><p>Wykorzystuj\u0105c oprogramowanie takie jak Blender, Lightwave i Maya, jeste\u015bmy w stanie stworzy\u0107 ka\u017cd\u0105 animacj\u0119 3D, bez wzgl\u0119du na to, jak bardzo jest skomplikowana. Konsultujemy si\u0119 z klientami na ka\u017cdym etapie, aby upewni\u0107 si\u0119, \u017ce produkt ko\u0144cowy spe\u0142nia ich oczekiwania. Niezale\u017cnie od przeznaczenia <a href=\"https:\/\/simpleframe.pl\/animacja-produktowa\/\" rel=\"noopener\">Animacja 3D<\/a> musi by\u0107 doskona\u0142y technicznie i skutecznie spe\u0142nia\u0107 swoj\u0105 rol\u0119 marketingow\u0105, reklamow\u0105 lub instrukta\u017cow\u0105. Sprz\u0119t dost\u0119pny w Simple Frame pozwala nam na tworzenie najnowocze\u015bniejszych <a href=\"https:\/\/marketingvideo.com.pl\/animacja-komputerowa\/\" rel=\"noopener\">Animacje 3D.<\/a><\/p><br><br><p><iframe loading=\"lazy\" title=\"Smay_PL\" src=\"https:\/\/player.vimeo.com\/video\/875628158?badge=0&amp;autopause=0&amp;quality_selector=1&amp;player_id=0&amp;app_id=58479\" width=\"1920\" height=\"1080\" frameborder=\"0\"><\/iframe><br>Dopracujemy Tw\u00f3j pomys\u0142, zaproponujemy w\u0142asne koncepcje i wsp\u00f3lnie stworzymy doskona\u0142y efekt artystyczny i marketingowy. The <a href=\"https:\/\/marketingvideo.com.pl\/animacja-komputerowa\/\" rel=\"noopener\">Animacja 3D<\/a> kt\u00f3re przygotowujemy dla Twojej firmy, mog\u0105 by\u0107 wykorzystywane w r\u00f3\u017cnych mediach, dzi\u0119ki czemu jest to op\u0142acalna i jednorazowa inwestycja.<br><\/p><\/p>","protected":false},"excerpt":{"rendered":"<p>The world of animation We create the most advanced 3d animations for our individual and corporate clients, as well as for TV [&hellip;]<\/p>\n","protected":false},"author":1,"featured_media":0,"parent":0,"menu_order":0,"comment_status":"closed","ping_status":"closed","template":"","meta":{"footnotes":""},"class_list":["post-24","page","type-page","status-publish","hentry"],"_links":{"self":[{"href":"https:\/\/simpleframe.com\/pl\/wp-json\/wp\/v2\/pages\/24","targetHints":{"allow":["GET"]}}],"collection":[{"href":"https:\/\/simpleframe.com\/pl\/wp-json\/wp\/v2\/pages"}],"about":[{"href":"https:\/\/simpleframe.com\/pl\/wp-json\/wp\/v2\/types\/page"}],"author":[{"embeddable":true,"href":"https:\/\/simpleframe.com\/pl\/wp-json\/wp\/v2\/users\/1"}],"replies":[{"embeddable":true,"href":"https:\/\/simpleframe.com\/pl\/wp-json\/wp\/v2\/comments?post=24"}],"version-history":[{"count":32,"href":"https:\/\/simpleframe.com\/pl\/wp-json\/wp\/v2\/pages\/24\/revisions"}],"predecessor-version":[{"id":1210,"href":"https:\/\/simpleframe.com\/pl\/wp-json\/wp\/v2\/pages\/24\/revisions\/1210"}],"wp:attachment":[{"href":"https:\/\/simpleframe.com\/pl\/wp-json\/wp\/v2\/media?parent=24"}],"curies":[{"name":"wp","href":"https:\/\/api.w.org\/{rel}","templated":true}]}}