{"id":229,"date":"2023-12-26T05:49:00","date_gmt":"2023-12-26T04:49:00","guid":{"rendered":"https:\/\/simpleframe.com\/?page_id=229"},"modified":"2024-12-31T10:54:29","modified_gmt":"2024-12-31T09:54:29","slug":"engineering-and-technical-animation","status":"publish","type":"page","link":"https:\/\/simpleframe.com\/pl\/engineering-and-technical-animation\/","title":{"rendered":"In\u017cynieria i animacja techniczna"},"content":{"rendered":"<h4 class=\"wp-block-heading\"><strong>Animacja in\u017cynieryjna i techniczna: Wizualizacja i komunikacja dzi\u0119ki realistycznej grafice 3D<\/strong><\/h4>\n\n\n\n<p>W poszukiwaniu in\u017cynierii i <a href=\"https:\/\/simpleframe.com\/pl\/knowledge-base\/what-is-technical-animation\/\">techniczny<\/a> studio animacji, kt\u00f3re poprawi prezentacj\u0119 produktu i obja\u015bnienie procesu? Simple Frame <a href=\"https:\/\/simpleframe.com\/pl\/knowledge-base\/the-power-of-3d-animation-voestelpine\/\">Animacja 3D<\/a> Studio oferuje kompleksowe rozwi\u0105zanie, wykorzystuj\u0105ce wysokiej jako\u015bci <a href=\"https:\/\/simpleframe.com\/pl\/knowledge-base\/3d-technical-animation-minimatic\/\">animacja techniczna<\/a> i fotorealistyczny <a href=\"https:\/\/marketingvideo.com.pl\/animacja-komputerowa\/\" data-type=\"link\" data-id=\"https:\/\/marketingvideo.com.pl\/animacja-komputerowa\/\" rel=\"noopener\">Grafika 3D<\/a> skutecznie komunikowa\u0107 z\u0142o\u017cone koncepcje i procesy.<\/p>\n\n\n\n<p>Nasze do\u015bwiadczenie polega na tworzeniu urzekaj\u0105cych rendering\u00f3w 3D, rysunk\u00f3w schematycznych i animacji komercyjnych, kt\u00f3re o\u017cywiaj\u0105 Twoje pomys\u0142y. Od szkic\u00f3w na serwetce po rozbudowane koncepcje, p\u0142ynnie przekszta\u0142camy Twoje wizje w atrakcyjne wizualnie reprezentacje.<br><iframe loading=\"lazy\" title=\"Kamoka_3d\" src=\"https:\/\/player.vimeo.com\/video\/629901725?badge=0&amp;autopause=0&amp;player_id=0&amp;app_id=58479\" width=\"1920\" height=\"1080\" frameborder=\"0\"><\/iframe><br>Nasz zesp\u00f3\u0142 do\u015bwiadczonych animator\u00f3w i in\u017cynier\u00f3w posiada dog\u0142\u0119bne zrozumienie zasad in\u017cynierii i koncepcji technicznych, co pozwala nam dok\u0142adnie przedstawia\u0107 produkty, procesy i pomys\u0142y w spos\u00f3b, kt\u00f3ry rezonuje z docelowymi odbiorcami.<\/p>\n\n\n\n<p>Niezale\u017cnie od tego, czy reprezentujesz firm\u0119 in\u017cynieryjn\u0105, ma\u0142\u0105 firm\u0119, startup, wynalazc\u0119 czy przedsi\u0119wzi\u0119cie crowdfundingowe, Simple Frame 3D Animation Studio jest zaanga\u017cowane w dostarczanie animacji o du\u017cej sile oddzia\u0142ywania, kt\u00f3re s\u0105 zgodne z Twoimi unikalnymi celami biznesowymi.<\/p>\n\n\n\n<p>Nasza klientela obejmuje r\u00f3\u017cne bran\u017ce i lokalizacje na ca\u0142ym \u015bwiecie, co \u015bwiadczy o naszej zdolno\u015bci do dostosowywania si\u0119 do r\u00f3\u017cnych wymaga\u0144 projektowych i dostarczania wyj\u0105tkowych wynik\u00f3w w ramach okre\u015blonych bud\u017cet\u00f3w.<\/p>\n\n\n\n<p>Wykorzystaj moc realistycznej animacji i grafiki 3D, aby wzmocni\u0107 swoje dzia\u0142ania marketingowe, produkt <a href=\"https:\/\/simpleframe.com\/pl\/knowledge-base\/what-is-3d-visualization\/\">wizualizacja<\/a>, i zaanga\u017cowanie odbiorc\u00f3w. <a href=\"https:\/\/simpleframe.pl\/animacja-2d\/\" data-type=\"link\" data-id=\"https:\/\/simpleframe.pl\/animacja-2d\/\" rel=\"noopener\">Prosta ramka<\/a> 3D Animation Studio to zaufany partner w przekszta\u0142caniu pomys\u0142\u00f3w w urzekaj\u0105ce wizualizacje, kt\u00f3re nap\u0119dzaj\u0105 sukces.<\/p>\n\n\n\n<h4 class=\"wp-block-heading\"><strong>Animacja in\u017cynieryjna i techniczna: Umo\u017cliwienie wizualizacji i komunikacji z <a data-type=\"link\" data-id=\"https:\/\/simpleframe.com\/\" href=\"https:\/\/simpleframe.com\/pl\/\">Realistyczne 3D<\/a> Grafika<\/strong><\/h4>\n\n\n\n<p>Simple Frame 3D Animation Studio zapewnia kompleksowy pakiet us\u0142ug w zakresie animacji in\u017cynieryjnych i technicznych, wykorzystuj\u0105c wysokiej jako\u015bci animacje techniczne i fotorealistyczne animacje 3D. <a href=\"https:\/\/simpleframe.pl\/animacja-techniczna\/\" data-type=\"link\" data-id=\"https:\/\/simpleframe.pl\/animacja-techniczna\/\" rel=\"noopener\">Grafika 3D<\/a> skutecznie komunikowa\u0107 z\u0142o\u017cone koncepcje i procesy.<\/p>\n\n\n\n<h4 class=\"wp-block-heading\"><strong>Produkcja wideo<\/strong><\/h4>\n\n\n\n<p><br>Nasz zesp\u00f3\u0142 do\u015bwiadczonych kamerzyst\u00f3w i animator\u00f3w tworzy urzekaj\u0105ce tre\u015bci wideo, kt\u00f3re informuj\u0105 i anga\u017cuj\u0105 odbiorc\u00f3w. Specjalizujemy si\u0119 w produkcji <a href=\"https:\/\/simpleframe.com\/pl\/knowledge-base\/medical-procedure-animation\/\">medyczny<\/a> <a href=\"https:\/\/simpleframe.com\/pl\/knowledge-base\/film-production\/\">produkcja film\u00f3w<\/a>, Animacja s\u0105dowa, komercyjna produkcja wideo, us\u0142ugi grafiki ruchomej i przemys\u0142owa animacja 3D dla proces\u00f3w produkcyjnych.<\/p>\n\n\n\n<h4 class=\"wp-block-heading\"><strong>Animacja wizualizacji centrum danych<\/strong><\/h4>\n\n\n\n<p><br>Tworzymy osza\u0142amiaj\u0105ce wizualizacje 3D centr\u00f3w danych, zapewniaj\u0105c jasne zrozumienie ich projektu, uk\u0142adu i infrastruktury. Nasze us\u0142ugi animacji wizualizacji centr\u00f3w danych pomagaj\u0105 zoptymalizowa\u0107 wydajno\u015b\u0107, zidentyfikowa\u0107 <a href=\"https:\/\/simpleframe.com\/pl\/knowledge-base\/3d-technical-animation\/\">potencja\u0142<\/a> i przekazywa\u0107 z\u0142o\u017cone koncepcje interesariuszom.<\/p>\n\n\n\n<figure class=\"wp-block-image size-large\"><img loading=\"lazy\" decoding=\"async\" width=\"1024\" height=\"320\" src=\"https:\/\/simpleframe.com\/wp-content\/uploads\/2023\/12\/3d_01-1024x320.jpg\" alt=\"Engineering and Technical Animation\" class=\"wp-image-237\" srcset=\"https:\/\/simpleframe.com\/wp-content\/uploads\/2023\/12\/3d_01-1024x320.jpg 1024w, https:\/\/simpleframe.com\/wp-content\/uploads\/2023\/12\/3d_01-300x94.jpg 300w, https:\/\/simpleframe.com\/wp-content\/uploads\/2023\/12\/3d_01-768x240.jpg 768w, https:\/\/simpleframe.com\/wp-content\/uploads\/2023\/12\/3d_01-1536x480.jpg 1536w, https:\/\/simpleframe.com\/wp-content\/uploads\/2023\/12\/3d_01-1000x313.jpg 1000w, https:\/\/simpleframe.com\/wp-content\/uploads\/2023\/12\/3d_01-230x72.jpg 230w, https:\/\/simpleframe.com\/wp-content\/uploads\/2023\/12\/3d_01-350x109.jpg 350w, https:\/\/simpleframe.com\/wp-content\/uploads\/2023\/12\/3d_01-480x150.jpg 480w, https:\/\/simpleframe.com\/wp-content\/uploads\/2023\/12\/3d_01.jpg 1920w\" sizes=\"auto, (max-width: 1024px) 100vw, 1024px\" \/><\/figure>\n\n\n\n<h4 class=\"wp-block-heading\"><strong>Us\u0142ugi animacji kryminalistycznej<\/strong><\/h4>\n\n\n\n<p><br>Nasze us\u0142ugi animacji kryminalistycznych s\u0105 wykorzystywane do odtwarzania miejsc zbrodni, ilustrowania rekonstrukcji wypadk\u00f3w i dostarczania wizualnych dowod\u00f3w w post\u0119powaniach s\u0105dowych. Dzi\u0119ki naszemu do\u015bwiadczeniu w animacji 3D i grafice technicznej mo\u017cemy dok\u0142adnie przedstawia\u0107 dowody i wspiera\u0107 dochodzenia.<\/p>\n\n\n\n<h4 class=\"wp-block-heading\"><strong>Animacja przemys\u0142owa 3D i animacja wojskowa<\/strong><\/h4>\n\n\n\n<p><br>Tworzymy animacje 3D do zastosowa\u0144 przemys\u0142owych, takich jak obs\u0142uga maszyn, diagramy przep\u0142ywu proces\u00f3w i symulacje szkoleniowe. Nasze us\u0142ugi animacji wojskowych obejmuj\u0105 tworzenie symulacji szkoleniowych, \u015brodowisk wirtualnej rzeczywisto\u015bci i <a data-type=\"link\" data-id=\"https:\/\/www.animacje-komputerowe.com.pl\/\" href=\"https:\/\/www.animacje-komputerowe.com.pl\/\" rel=\"noopener\">Wizualizacje 3D<\/a> system\u00f3w uzbrojenia.<\/p>\n\n\n\n<h4 class=\"wp-block-heading\"><strong>Wirtualne przeloty przez obiekt 3D, przeloty dooko\u0142a i spacery po obiekcie<\/strong><\/h4>\n\n\n\n<p><br>Zapewniamy rozwi\u0105zania wirtualnej rzeczywisto\u015bci (VR) i rzeczywisto\u015bci rozszerzonej (AR) dla wci\u0105gaj\u0105cych do\u015bwiadcze\u0144. Nasze spacery 3D i wirtualne przeloty po obiekcie umo\u017cliwiaj\u0105 wizualizacj\u0119 i interakcj\u0119 z przestrzeni\u0105 przed zako\u0144czeniem budowy.<\/p>\n\n\n\n<h4 class=\"wp-block-heading\"><strong>Symulacje proces\u00f3w, produkcji i przep\u0142ywu pracy<\/strong><\/h4>\n\n\n\n<p><br>Tworzymy symulacje z\u0142o\u017conych proces\u00f3w, przep\u0142yw\u00f3w pracy w produkcji i system\u00f3w in\u017cynieryjnych. Nasze animacje zapewniaj\u0105 dynamiczne zrozumienie sposobu dzia\u0142ania system\u00f3w, identyfikacj\u0119 potencjalnych w\u0105skich garde\u0142 i optymalizacj\u0119 wydajno\u015bci.<br><iframe loading=\"lazy\" title=\"MiniMatic_En.mp4\" src=\"https:\/\/player.vimeo.com\/video\/659579398?badge=0&amp;autopause=0&amp;player_id=0&amp;app_id=58479\" width=\"1920\" height=\"1080\" frameborder=\"0\"><\/iframe><br><\/p>\n\n\n\n<h4 class=\"wp-block-heading\"><strong>Grafika i animacja 3D dla prezentacji inwestorskich<\/strong><\/h4>\n\n\n\n<p><br>Nasze atrakcyjne grafiki i animacje 3D wzbogacaj\u0105 prezentacje inwestorskie, anga\u017cuj\u0105c interesariuszy i przekazuj\u0105c warto\u015b\u0107 Twojej firmy lub projektu. Tworzymy wizualizacje 3D produkt\u00f3w, proces\u00f3w i trend\u00f3w rynkowych, aby przyci\u0105gn\u0105\u0107 uwag\u0119 odbiorc\u00f3w.<\/p>\n\n\n\n<h4 class=\"wp-block-heading\"><strong>Animacja chemiczna i naukowa<\/strong><\/h4>\n\n\n\n<p><br>Produkujemy animacje chemiczne i naukowe, kt\u00f3re wyja\u015bniaj\u0105 z\u0142o\u017cone koncepcje naukowe w \u0142atwy do zrozumienia spos\u00f3b. Nasze animacje s\u0105 wykorzystywane w edukacji, prezentacjach badawczych i materia\u0142ach marketingowych.<\/p>\n\n\n\n<h4 class=\"wp-block-heading\"><strong>Modelowanie 3D<\/strong><\/h4>\n\n\n\n<p><br>Nasz zesp\u00f3\u0142 do\u015bwiadczonych modelarzy 3D tworzy bardzo szczeg\u00f3\u0142owe reprezentacje 3D produkt\u00f3w, budynk\u00f3w i krajobraz\u00f3w. Wykorzystujemy najnowocze\u015bniejsze technologie 3D <a href=\"https:\/\/simpleframe.com\/pl\/knowledge-base\/what-is-3d-modeling\/\">modelowanie<\/a> oprogramowanie do tworzenia dok\u0142adnych i fotorealistycznych modeli do szerokiego zakresu zastosowa\u0144.<\/p>\n\n\n\n<h4 class=\"wp-block-heading\"><strong>Architektoniczne renderingi 3D<\/strong><\/h4>\n\n\n\n<p><br>Nasza architektura <a data-type=\"link\" data-id=\"https:\/\/simpleframe.pl\/animacja-produktowa\/\" href=\"https:\/\/simpleframe.pl\/animacja-produktowa\/\" rel=\"noopener\">Renderowanie 3D<\/a> zapewniaj\u0105 realistyczny widok projektu architektonicznego, umo\u017cliwiaj\u0105c wizualizacj\u0119 i dopracowanie projektu przed rozpocz\u0119ciem budowy. Tworzymy renderingi 3D z plan\u00f3w pi\u0119ter, elewacji i plan\u00f3w terenu, prezentuj\u0105c estetyk\u0119 i aspekty funkcjonalne projektu.<\/p>\n\n\n\n<h4 class=\"wp-block-heading\"><strong>Grafika targowa, animacje i materia\u0142y prezentacyjne<\/strong><\/h4>\n\n\n\n<p><br>Projektujemy i tworzymy przykuwaj\u0105ce uwag\u0119 grafiki targowe, animacje i materia\u0142y prezentacyjne, kt\u00f3re skutecznie przekazuj\u0105 wiadomo\u015b\u0107 potencjalnym klientom i partnerom. Nasze grafiki targowe przyci\u0105gaj\u0105 wzrok i dostarczaj\u0105 informacji, a nasze animacje s\u0105 anga\u017cuj\u0105ce i zapadaj\u0105 w pami\u0119\u0107.<\/p>\n\n\n\n<h4 class=\"wp-block-heading\"><strong>Szkolenie w zakresie bezpiecze\u0144stwa VR<\/strong><\/h4>\n\n\n\n<p><br>Nasze VR <a href=\"https:\/\/simpleframe.com\/pl\/knowledge-base\/health-and-safety-training\/\">bezpiecze\u0144stwo<\/a> zapewniaj\u0105 wci\u0105gaj\u0105ce i realistyczne do\u015bwiadczenia, kt\u00f3re pomagaj\u0105 pracownikom zrozumie\u0107 i stosowa\u0107 procedury bezpiecze\u0144stwa. Nasze symulacje szkoleniowe VR skutecznie zmniejszaj\u0105 liczb\u0119 wypadk\u00f3w i promuj\u0105 kultur\u0119 bezpiecze\u0144stwa w organizacji.<br><iframe loading=\"lazy\" title=\"ZPAS_Products\" src=\"https:\/\/player.vimeo.com\/video\/878641548?badge=0&amp;autopause=0&amp;player_id=0&amp;app_id=58479\" width=\"1920\" height=\"1080\" frameborder=\"0\"><\/iframe><br><\/p>\n\n\n\n<h4 class=\"wp-block-heading\"><strong>Us\u0142ugi skryptowe<\/strong><\/h4>\n\n\n\n<p><br>Nasz zesp\u00f3\u0142 do\u015bwiadczonych scenarzyst\u00f3w mo\u017ce tworzy\u0107 atrakcyjne scenariusze do animacji, film\u00f3w i innych materia\u0142\u00f3w marketingowych. Tworzymy skrypty, kt\u00f3re s\u0105 zgodne z docelowymi odbiorcami, przekazem marki i og\u00f3lnymi celami.<\/p>\n\n\n\n<p><\/p>","protected":false},"excerpt":{"rendered":"<p>Engineering and Technical Animation: Empowering Visualization and Communication with Realistic 3D Graphics In search of an engineering and technical animation studio that [&hellip;]<\/p>\n","protected":false},"author":1,"featured_media":0,"parent":0,"menu_order":0,"comment_status":"closed","ping_status":"closed","template":"","meta":{"footnotes":""},"class_list":["post-229","page","type-page","status-publish","hentry"],"_links":{"self":[{"href":"https:\/\/simpleframe.com\/pl\/wp-json\/wp\/v2\/pages\/229","targetHints":{"allow":["GET"]}}],"collection":[{"href":"https:\/\/simpleframe.com\/pl\/wp-json\/wp\/v2\/pages"}],"about":[{"href":"https:\/\/simpleframe.com\/pl\/wp-json\/wp\/v2\/types\/page"}],"author":[{"embeddable":true,"href":"https:\/\/simpleframe.com\/pl\/wp-json\/wp\/v2\/users\/1"}],"replies":[{"embeddable":true,"href":"https:\/\/simpleframe.com\/pl\/wp-json\/wp\/v2\/comments?post=229"}],"version-history":[{"count":9,"href":"https:\/\/simpleframe.com\/pl\/wp-json\/wp\/v2\/pages\/229\/revisions"}],"predecessor-version":[{"id":1068,"href":"https:\/\/simpleframe.com\/pl\/wp-json\/wp\/v2\/pages\/229\/revisions\/1068"}],"wp:attachment":[{"href":"https:\/\/simpleframe.com\/pl\/wp-json\/wp\/v2\/media?parent=229"}],"curies":[{"name":"wp","href":"https:\/\/api.w.org\/{rel}","templated":true}]}}