{"id":187,"date":"2023-12-09T15:58:22","date_gmt":"2023-12-09T14:58:22","guid":{"rendered":"https:\/\/simpleframe.com\/?page_id=187"},"modified":"2024-12-31T10:26:57","modified_gmt":"2024-12-31T09:26:57","slug":"animation-production","status":"publish","type":"page","link":"https:\/\/simpleframe.com\/pl\/animation-production\/","title":{"rendered":"Produkcja animacji"},"content":{"rendered":"<h2 class=\"wp-block-heading\"><strong>Wp\u0142yw produkcji animacji na sprzeda\u017c elektroniki u\u017cytkowej<\/strong><\/h2>\n\n\n\n<p>W dynamicznym \u015bwiecie elektroniki u\u017cytkowej rola produkcji animacji staje si\u0119 coraz bardziej kluczowa dla podejmowania decyzji zakupowych. Wraz z rozwojem technologii potrzeba tworzenia atrakcyjnych narracji wizualnych do promowania produkt\u00f3w, zw\u0142aszcza telefon\u00f3w i innych urz\u0105dze\u0144 elektronicznych, nigdy nie by\u0142a tak istotna. <a href=\"https:\/\/simpleframe.com\/pl\/category\/3d-animation\/\">Animacja<\/a>, z wszechstronnym zestawem narz\u0119dzi obejmuj\u0105cym 3D <a href=\"https:\/\/simpleframe.com\/pl\/knowledge-base\/what-is-3d-modeling\/\">modelowanie<\/a>, <a href=\"https:\/\/simpleframe.com\/pl\/knowledge-base\/what-is-texturing-in-3d-animation\/\">teksturowanie<\/a>, renderowanie oraz skomplikowane ruchy kamery lub klatki kluczowe sta\u0142y si\u0119 pot\u0119\u017cnym \u015brodkiem przyci\u0105gaj\u0105cym uwag\u0119 konsument\u00f3w i wzbudzaj\u0105cym ich zainteresowanie.<br><iframe loading=\"lazy\" title=\"Elektronika\" src=\"https:\/\/player.vimeo.com\/video\/99328813?badge=0&amp;autopause=0&amp;player_id=0&amp;app_id=58479\" width=\"1920\" height=\"1080\" frameborder=\"0\"><\/iframe><br><\/p>\n\n\n\n<h2 class=\"wp-block-heading\">Jak to robimy?<\/h2>\n\n\n\n<p>Proces produkcji animacji rozpoczyna si\u0119 od modelowania 3D, podczas kt\u00f3rego arty\u015bci skrupulatnie projektuj\u0105 cyfrowe reprezentacje produkt\u00f3w, w tym telefon\u00f3w i urz\u0105dze\u0144 elektronicznych. Ten etap pozwala uzyska\u0107 poziom precyzji i szczeg\u00f3\u0142owo\u015bci, kt\u00f3rego tradycyjna fotografia nie zawsze jest w stanie zapewni\u0107. Zalet\u0105 modelowania 3D jest mo\u017cliwo\u015b\u0107 zaprezentowania skomplikowanych cech i element\u00f3w projektu produktu pod r\u00f3\u017cnymi k\u0105tami, zapewniaj\u0105c konsumentom kompleksowy obraz, kt\u00f3ry jest zar\u00f3wno informacyjny, jak i atrakcyjny wizualnie.<\/p>\n\n\n\n<figure class=\"wp-block-image size-full\"><img loading=\"lazy\" decoding=\"async\" width=\"960\" height=\"300\" src=\"http:\/\/simpleframe.com\/wp-content\/uploads\/2024\/03\/Motion_02-1.jpg\" alt=\"animation production\" class=\"wp-image-656\" srcset=\"https:\/\/simpleframe.com\/wp-content\/uploads\/2024\/03\/Motion_02-1.jpg 960w, https:\/\/simpleframe.com\/wp-content\/uploads\/2024\/03\/Motion_02-1-300x94.jpg 300w, https:\/\/simpleframe.com\/wp-content\/uploads\/2024\/03\/Motion_02-1-768x240.jpg 768w, https:\/\/simpleframe.com\/wp-content\/uploads\/2024\/03\/Motion_02-1-230x72.jpg 230w, https:\/\/simpleframe.com\/wp-content\/uploads\/2024\/03\/Motion_02-1-350x109.jpg 350w, https:\/\/simpleframe.com\/wp-content\/uploads\/2024\/03\/Motion_02-1-480x150.jpg 480w\" sizes=\"auto, (max-width: 960px) 100vw, 960px\" \/><\/figure>\n\n\n\n<p>Teksturowanie dodaje kolejn\u0105 warstw\u0119 realizmu do <a href=\"https:\/\/simpleframe.pl\/intro\/\" rel=\"noopener\">animowany<\/a> reprezentacja. Dzi\u0119ki zaawansowanym technikom arty\u015bci nak\u0142adaj\u0105 tekstury, kt\u00f3re imituj\u0105 materia\u0142y u\u017cyte w rzeczywistych urz\u0105dzeniach. Ta dba\u0142o\u015b\u0107 o szczeg\u00f3\u0142y poprawia postrzeganie jako\u015bci produktu przez odbiorc\u0119, buduj\u0105c poczucie zaufania i atrakcyjno\u015bci. Niezale\u017cnie od tego, czy chodzi o eleganckie metaliczne wyko\u0144czenie smartfona, czy mi\u0119kk\u0105 w dotyku tekstur\u0119 najnowocze\u015bniejszego gad\u017cetu, teksturowanie odgrywa kluczow\u0105 rol\u0119 w tworzeniu realistycznych wra\u017ce\u0144 wizualnych.<\/p>\n\n\n\n<figure class=\"wp-block-image size-full\"><img loading=\"lazy\" decoding=\"async\" width=\"960\" height=\"300\" src=\"http:\/\/simpleframe.com\/wp-content\/uploads\/2024\/03\/Motion_01.jpg\" alt=\"animation production\" class=\"wp-image-655\" srcset=\"https:\/\/simpleframe.com\/wp-content\/uploads\/2024\/03\/Motion_01.jpg 960w, https:\/\/simpleframe.com\/wp-content\/uploads\/2024\/03\/Motion_01-300x94.jpg 300w, https:\/\/simpleframe.com\/wp-content\/uploads\/2024\/03\/Motion_01-768x240.jpg 768w, https:\/\/simpleframe.com\/wp-content\/uploads\/2024\/03\/Motion_01-230x72.jpg 230w, https:\/\/simpleframe.com\/wp-content\/uploads\/2024\/03\/Motion_01-350x109.jpg 350w, https:\/\/simpleframe.com\/wp-content\/uploads\/2024\/03\/Motion_01-480x150.jpg 480w\" sizes=\"auto, (max-width: 960px) 100vw, 960px\" \/><\/figure>\n\n\n\n<p>Po <a href=\"https:\/\/www.animacje-komputerowe.com.pl\/\" rel=\"noopener\">Modelowanie 3D<\/a> Po zako\u0144czeniu faz teksturowania i animacji nast\u0119puje etap renderowania. Proces ten polega na przekszta\u0142ceniu modeli cyfrowych w realistyczne obrazy lub filmy. Wysokiej jako\u015bci renderowanie ma zasadnicze znaczenie dla tworzenia wizualizacji, kt\u00f3re s\u0105 nie do odr\u00f3\u017cnienia od rzeczywisto\u015bci i prezentuj\u0105 produkty w jak najlepszym \u015bwietle. Konsumenci s\u0105 bardziej sk\u0142onni do zainteresowania si\u0119 produktami, kt\u00f3re s\u0105 przedstawione w spos\u00f3b realistyczny i odpowiadaj\u0105cy ich oczekiwaniom.<br><iframe loading=\"lazy\" title=\"M\u00f3j telefon\" src=\"https:\/\/player.vimeo.com\/video\/107521390?badge=0&amp;autopause=0&amp;player_id=0&amp;app_id=58479\" width=\"1280\" height=\"720\" frameborder=\"0\"><\/iframe><br>Sztuka ruch\u00f3w kamery i klatek kluczowych o\u017cywia animacj\u0119, umo\u017cliwiaj\u0105c dynamiczne i anga\u017cuj\u0105ce prezentacje. Strategiczne k\u0105ty ustawienia kamery podkre\u015blaj\u0105 konkretne cechy, kieruj\u0105 uwag\u0119 widza i tworz\u0105 narracyjny ci\u0105g. Niezale\u017cnie od tego, czy jest to szeroki uj\u0119cie pokazuj\u0105ce smuk\u0142y profil nowego telefonu, czy zbli\u017cenie podkre\u015blaj\u0105ce skomplikowane szczeg\u00f3\u0142y, te <a href=\"https:\/\/simpleframe.com\/pl\/product-animation\/\">ruchy kamery<\/a> odgrywaj\u0105 kluczow\u0105 rol\u0119 w kszta\u0142towaniu percepcji widza i wzbudzaniu zainteresowania.<\/p>\n\n\n\n<h2 class=\"wp-block-heading\">Narz\u0119dzie marketingowe<\/h2>\n\n\n\n<p>W kontek\u015bcie sprzeda\u017cy telefon\u00f3w i elektroniki u\u017cytkowej animacja s\u0142u\u017cy jako narz\u0119dzie perswazji, tworz\u0105c tre\u015bci zachwycaj\u0105ce wizualnie i wywo\u0142uj\u0105ce emocje. Konsumenci nie otrzymuj\u0105 jedynie listy specyfikacji, ale s\u0105 zabierani w wizualn\u0105 podr\u00f3\u017c, kt\u00f3ra pokazuje mo\u017cliwo\u015bci produktu i jego wyj\u0105tkowe cechy. To wci\u0105gaj\u0105ce do\u015bwiadczenie poprawia postrzeganie marki i sprzyja g\u0142\u0119bszej wi\u0119zi mi\u0119dzy konsumentem a produktem.<\/p>\n\n\n\n<p>Ponadto animacja zapewnia <a href=\"https:\/\/simpleframe.pl\/produkcja-animacji\/\" rel=\"noopener\">elastyczno\u015b\u0107<\/a> aby zaprezentowa\u0107 funkcje, kt\u00f3re mog\u0105 by\u0107 trudne do uchwycenia tradycyjnymi metodami. Na przyk\u0142ad animacja mo\u017ce ilustrowa\u0107 p\u0142ynn\u0105 integracj\u0119 najnowocze\u015bniejszych technologii, takich jak rozpoznawanie twarzy lub innowacyjne funkcje aparatu. Te dynamiczne prezentacje nie tylko edukuj\u0105 konsument\u00f3w, ale tak\u017ce buduj\u0105 oczekiwanie i emocje zwi\u0105zane z produktem.<br><iframe loading=\"lazy\" title=\"Animacja techniczna\" src=\"https:\/\/player.vimeo.com\/video\/246983173?badge=0&amp;autopause=0&amp;player_id=0&amp;app_id=58479\" width=\"1920\" height=\"1080\" frameborder=\"0\"><\/iframe><br><\/p>\n\n\n\n<h2 class=\"wp-block-heading\">Wnioski<\/h2>\n\n\n\n<p>Podsumowuj\u0105c, produkcja animacji zrewolucjonizowa\u0142a spos\u00f3b wprowadzania na rynek i sprzeda\u017cy elektroniki u\u017cytkowej, w tym telefon\u00f3w. Integracja <a href=\"https:\/\/simpleframe.pl\/animacja-3d\/\" rel=\"noopener\">Modelowanie 3D<\/a>, teksturowanie, renderowanie oraz profesjonalnie wykonane ruchy kamery lub klatki kluczowe tworz\u0105 wizualn\u0105 narracj\u0119, kt\u00f3ra wykracza poza konwencjonalne metody reklamowe. Wraz z post\u0119pem technologicznym produkcja animacji pozostanie podstawowym narz\u0119dziem wykorzystywanym do wywierania wp\u0142ywu na konsument\u00f3w. <a href=\"https:\/\/simpleframe.com\/pl\/video-explainer\/\">zachowanie<\/a> i zwi\u0119ksza\u0107 sprzeda\u017c w konkurencyjnym \u015brodowisku elektroniki u\u017cytkowej.<\/p>","protected":false},"excerpt":{"rendered":"<p>The Impact of Animation Production on Consumer Electronics Sales In the dynamic landscape of consumer electronics, the role of animation production has [&hellip;]<\/p>\n","protected":false},"author":1,"featured_media":0,"parent":0,"menu_order":0,"comment_status":"closed","ping_status":"closed","template":"","meta":{"footnotes":""},"class_list":["post-187","page","type-page","status-publish","hentry"],"_links":{"self":[{"href":"https:\/\/simpleframe.com\/pl\/wp-json\/wp\/v2\/pages\/187","targetHints":{"allow":["GET"]}}],"collection":[{"href":"https:\/\/simpleframe.com\/pl\/wp-json\/wp\/v2\/pages"}],"about":[{"href":"https:\/\/simpleframe.com\/pl\/wp-json\/wp\/v2\/types\/page"}],"author":[{"embeddable":true,"href":"https:\/\/simpleframe.com\/pl\/wp-json\/wp\/v2\/users\/1"}],"replies":[{"embeddable":true,"href":"https:\/\/simpleframe.com\/pl\/wp-json\/wp\/v2\/comments?post=187"}],"version-history":[{"count":14,"href":"https:\/\/simpleframe.com\/pl\/wp-json\/wp\/v2\/pages\/187\/revisions"}],"predecessor-version":[{"id":1060,"href":"https:\/\/simpleframe.com\/pl\/wp-json\/wp\/v2\/pages\/187\/revisions\/1060"}],"wp:attachment":[{"href":"https:\/\/simpleframe.com\/pl\/wp-json\/wp\/v2\/media?parent=187"}],"curies":[{"name":"wp","href":"https:\/\/api.w.org\/{rel}","templated":true}]}}