{"id":1247,"date":"2025-06-17T11:58:30","date_gmt":"2025-06-17T09:58:30","guid":{"rendered":"https:\/\/simpleframe.com\/from-script-to-screen-how-simple-frame-masters-corporate-video-production\/"},"modified":"2025-12-22T15:12:40","modified_gmt":"2025-12-22T14:12:40","slug":"produkcja-filmow-korporacyjnych-2","status":"publish","type":"page","link":"https:\/\/simpleframe.com\/pl\/corporate_video-production\/","title":{"rendered":"Produkcja film\u00f3w korporacyjnych"},"content":{"rendered":"<h1>Produkcja film\u00f3w korporacyjnych: Znajd\u017a firmy zajmuj\u0105ce si\u0119 produkcj\u0105 film\u00f3w<\/h1>\n<p><img decoding=\"async\" src=\"https:\/\/neuroncdn.com\/cdn-0001\/5f4c2c9d9bce37fc18cf2dfdf8cc49ed5d31ac6b1d72166851d055dd03bcaf0e?ts=1766411542\" alt=\"Produkcja film\u00f3w korporacyjnych\" width=\"default\" \/><\/p>\n<p>W dynamicznym \u015bwiecie wsp\u00f3\u0142czesnego biznesu, gdzie uwaga odbiorc\u00f3w jest ulotna, a konkurencja zaci\u0119ta, nie mo\u017cna przeceni\u0107 znaczenia wizualnego przekazu. Simple Frame, warszawska firma produkcyjna, zdaje sobie spraw\u0119 z kluczowej roli, jak\u0105 odgrywa <strong><a href=\"https:\/\/simpleframe.com\/pl\/knowledge-base\/corporate-video\/\">wideo korporacyjne<\/a> produkcja<\/strong> odgrywa w kszta\u0142towaniu narracji marki i stymulowaniu rozwoju biznesu. Niniejszy przewodnik zag\u0142\u0119bia si\u0119 w zawi\u0142o\u015bci korporacyjne <a href=\"https:\/\/simpleframe.com\/pl\/knowledge-base\/film-production\/\">produkcja film\u00f3w<\/a>, oferuj\u0105c wgl\u0105d w to, jak firmy mog\u0105 wykorzysta\u0107 tre\u015bci wideo do osi\u0105gni\u0119cia swoich cel\u00f3w strategicznych.<\/p>\n<p><iframe loading=\"lazy\" title=\"Film promocyjny \u2013 Vershold\" src=\"https:\/\/player.vimeo.com\/video\/304353699?dnt=1&amp;app_id=122963\" width=\"1170\" height=\"658\" frameborder=\"0\" allow=\"autoplay; fullscreen; picture-in-picture; clipboard-write; encrypted-media; web-share\" referrerpolicy=\"strict-origin-when-cross-origin\"><\/iframe><\/p>\n<h2>Zrozumienie produkcji wideo<\/h2>\n<p><img decoding=\"async\" src=\"https:\/\/neuroncdn.com\/cdn-0001\/4bd76701358198bf1d22453e622a4d9f9065fb006b8fd55536fc459b4aabaa87?ts=1766411591\" alt=\"wideo korporacyjne\" width=\"default\" \/><\/p>\n<h3>Czym jest produkcja wideo?<\/h3>\n<p>Produkcja wideo to sztuka i nauka tworzenia tre\u015bci wideo do r\u00f3\u017cnych cel\u00f3w, od rozrywki po edukacj\u0119 i marketing. W kontek\u015bcie biznesowym, <strong>Produkcja film\u00f3w korporacyjnych polega na tworzeniu wysokiej jako\u015bci film\u00f3w korporacyjnych, kt\u00f3re przekazuj\u0105 odbiorcom docelowym komunikat, warto\u015bci i ofert\u0119 firmy.<\/strong>. Proces ten obejmuje r\u00f3\u017cne etapy, od koncepcji i scenariusza po filmowanie, monta\u017c wideo i ostateczn\u0105 dostaw\u0119 filmu, zapewniaj\u0105c, \u017ce produkt ko\u0144cowy jest zgodny z wizj\u0105 i celami klienta.<\/p>\n<h3>Znaczenie produkcji film\u00f3w korporacyjnych w biznesie<\/h3>\n<p>Nie mo\u017cna przeceni\u0107 znaczenia produkcji wideo w biznesie. <strong>Filmy korporacyjne s\u0105 pot\u0119\u017cnym narz\u0119dziem budowania \u015bwiadomo\u015bci marki, pozwalaj\u0105cym firmom nawi\u0105za\u0107 emocjonaln\u0105 wi\u0119\u017a z odbiorcami i wywrze\u0107 na nich trwa\u0142e wra\u017cenie.<\/strong>. Od film\u00f3w wyja\u015bniaj\u0105cych, kt\u00f3re upraszczaj\u0105 z\u0142o\u017cone poj\u0119cia, po filmy z referencjami, kt\u00f3re buduj\u0105 zaufanie i wiarygodno\u015b\u0107 \u2013 rodzaje film\u00f3w korporacyjnych s\u0105 r\u00f3\u017cnorodne i mo\u017cna je dostosowa\u0107 do konkretnych cel\u00f3w marketingowych. Inwestycja w profesjonalne us\u0142ugi produkcji filmowej jest niezb\u0119dna do stworzenia atrakcyjnego filmu, kt\u00f3ry przem\u00f3wi do widz\u00f3w i zwi\u0119kszy ich zaanga\u017cowanie.<\/p>\n<h3>Kluczowe aspekty zespo\u0142u produkcyjnego<\/h3>\n<p>Powodzenie projektu wideo zale\u017cy od wiedzy i wsp\u00f3\u0142pracy wykwalifikowanego zespo\u0142u produkcyjnego. Zesp\u00f3\u0142 produkcyjny zazwyczaj sk\u0142ada si\u0119 z producent\u00f3w wideo, re\u017cyser\u00f3w, operator\u00f3w kamer, monta\u017cyst\u00f3w i innych specjalist\u00f3w, kt\u00f3rzy wsp\u00f3lnie pracuj\u0105 nad stworzeniem filmu. Ka\u017cdy cz\u0142onek zespo\u0142u odgrywa kluczow\u0105 rol\u0119 w zapewnieniu p\u0142ynnego i wydajnego przebiegu procesu produkcji filmu korporacyjnego, czego efektem jest wysokiej jako\u015bci film spe\u0142niaj\u0105cy oczekiwania klienta. <strong>Wyb\u00f3r odpowiedniej firmy zajmuj\u0105cej si\u0119 produkcj\u0105 film\u00f3w, dysponuj\u0105cej kompetentnym zespo\u0142em produkcyjnym, ma kluczowe znaczenie dla osi\u0105gni\u0119cia po\u017c\u0105danych rezultat\u00f3w.<\/strong>.<\/p>\n<p><iframe loading=\"lazy\" title=\"Filtr oleju Castrol Gold\" src=\"https:\/\/player.vimeo.com\/video\/1072088233?dnt=1&amp;app_id=122963\" width=\"1170\" height=\"658\" frameborder=\"0\" allow=\"autoplay; fullscreen; picture-in-picture; clipboard-write; encrypted-media; web-share\" referrerpolicy=\"strict-origin-when-cross-origin\"><\/iframe><\/p>\n<h2>Odkrywanie produkcji film\u00f3w korporacyjnych<\/h2>\n<h3>Czym jest produkcja film\u00f3w korporacyjnych?<\/h3>\n<p>Produkcja film\u00f3w korporacyjnych to wyspecjalizowana dziedzina produkcji filmowej skupiaj\u0105ca si\u0119 na tworzeniu tre\u015bci wideo dla firm i organizacji. Obejmuje ona ca\u0142y proces tworzenia film\u00f3w korporacyjnych, od wst\u0119pnej koncepcji po ostateczn\u0105 dostaw\u0119 gotowego filmu. Filmy korporacyjne mog\u0105 obejmowa\u0107 filmy promocyjne prezentuj\u0105ce produkty lub us\u0142ugi, filmy szkoleniowe s\u0142u\u017c\u0105ce edukacji pracownik\u00f3w lub filmy wyja\u015bniaj\u0105ce, upraszczaj\u0105ce z\u0142o\u017cone idee. <strong>Celem us\u0142ug produkcji wideo jest stworzenie atrakcyjnego filmu, kt\u00f3ry jest zgodny z celami firmy i zwi\u0119ksza \u015bwiadomo\u015b\u0107 marki.<\/strong>.<\/p>\n<h3>Korzy\u015bci p\u0142yn\u0105ce z film\u00f3w korporacyjnych<\/h3>\n<p><strong>Inwestowanie w produkcj\u0119 film\u00f3w korporacyjnych oferuje firmom wiele korzy\u015bci, w tym zwi\u0119kszenie \u015bwiadomo\u015bci marki, budowanie zaufania i zwi\u0119kszenie zaanga\u017cowania.<\/strong>. Wysokiej jako\u015bci filmy korporacyjne s\u0105 pot\u0119\u017cnym narz\u0119dziem s\u0142u\u017c\u0105cym do zwi\u0119kszania \u015bwiadomo\u015bci marki, budowania zaufania i zwi\u0119kszania zaanga\u017cowania. <a href=\"https:\/\/simpleframe.com\/pl\/knowledge-base\/3d-technical-animation\/\">potencja\u0142<\/a> klienci. Rodzaje film\u00f3w korporacyjnych obejmuj\u0105 zar\u00f3wno filmy z referencjami zadowolonych klient\u00f3w, jak i filmy promuj\u0105ce mark\u0119, kt\u00f3re przekazuj\u0105 warto\u015bci i misj\u0119 firmy. Dzi\u0119ki strategicznemu wykorzystaniu marketingu wideo firmy mog\u0105 tworzy\u0107 filmy, kt\u00f3re skutecznie przekazuj\u0105 ich przes\u0142anie, wyr\u00f3\u017cniaj\u0105 je na tle konkurencji i pozwalaj\u0105 osi\u0105gn\u0105\u0107 cele biznesowe. Ponadto filmy animowane mog\u0105 przek\u0142ada\u0107 z\u0142o\u017cone idee na proste, \u0142atwe do zrozumienia tre\u015bci.<\/p>\n<p><iframe loading=\"lazy\" title=\"Mapei \u2013 film korporacyjny\" src=\"https:\/\/player.vimeo.com\/video\/922054628?dnt=1&amp;app_id=122963\" width=\"1170\" height=\"658\" frameborder=\"0\" allow=\"autoplay; fullscreen; picture-in-picture; clipboard-write; encrypted-media; web-share\" referrerpolicy=\"strict-origin-when-cross-origin\"><\/iframe><\/p>\n<h3>R\u00f3\u017cne rodzaje film\u00f3w korporacyjnych<\/h3>\n<p>Firmy mog\u0105 wykorzystywa\u0107 r\u00f3\u017cne rodzaje film\u00f3w korporacyjnych, z kt\u00f3rych ka\u017cdy jest przeznaczony do okre\u015blonego celu. Simple Frame produkuje szerok\u0105 gam\u0119 tre\u015bci wideo, w tym:<\/p>\n<ul>\n<li>Filmy przedstawiaj\u0105ce profil firmy, prezentacje produkt\u00f3w i filmy promocyjne dostosowane do potrzeb biznesowych.<\/li>\n<li>Filmy wyja\u015bniaj\u0105ce, kt\u00f3re przek\u0142adaj\u0105 z\u0142o\u017cone idee na jasne i anga\u017cuj\u0105ce narracje wizualne.<\/li>\n<\/ul>\n<p>Agencja tworzy r\u00f3wnie\u017c dynamiczne animacje i grafiki ruchowe zar\u00f3wno w 2D, jak i 3D, zapewniaj\u0105c markom nowoczesne narz\u0119dzia do prezentacji us\u0142ug i proces\u00f3w. W przypadku wydarze\u0144 i konferencji oferuje kompleksow\u0105 relacj\u0119 wideo, kt\u00f3ra rejestruje kluczowe momenty i wspiera przysz\u0142e dzia\u0142ania marketingowe. Simple Frame opracowuje filmy szkoleniowe i komunikacyjne, kt\u00f3re pomagaj\u0105 organizacjom edukowa\u0107 pracownik\u00f3w i wzmacnia\u0107 kultur\u0119 firmy.<\/p>\n<p>&nbsp;<\/p>\n<h2>Proces produkcji film\u00f3w korporacyjnych<\/h2>\n<h3>Planowanie przedprodukcyjne<\/h3>\n<p>Proces produkcji filmu korporacyjnego rozpoczyna si\u0119 od skrupulatnego planowania przedprodukcyjnego. Obejmuje to okre\u015blenie cel\u00f3w filmu, identyfikacj\u0119 grupy docelowej, opracowanie scenariusza i stworzenie scenopisu. <strong>Skuteczna faza przedprodukcyjna gwarantuje, \u017ce zesp\u00f3\u0142 produkcyjny jest zorientowany na cele i wizj\u0119 projektu.<\/strong>. Faza ta obejmuje r\u00f3wnie\u017c sporz\u0105dzenie bud\u017cetu, harmonogramu oraz uzyskanie niezb\u0119dnych pozwole\u0144 i lokalizacji. Staranna planowanie jest niezb\u0119dne do stworzenia filmu korporacyjnego, kt\u00f3ry skutecznie przekazuje komunikat klienta i osi\u0105ga po\u017c\u0105dane rezultaty. Simple Frame pomo\u017ce Ci stworzy\u0107 film korporacyjny od samego pocz\u0105tku.<\/p>\n<h3>Techniki produkcji<\/h3>\n<p>Po zako\u0144czeniu prac przedprodukcyjnych zesp\u00f3\u0142 produkcyjny przechodzi do <a href=\"https:\/\/www.simpleframe.pl\/en\/corporate-film\/\" target=\"_blank\" rel=\"noopener\">produkcja<\/a> faza, w kt\u00f3rej kr\u0119cony jest film korporacyjny. Obejmuje ona nagrywanie materia\u0142u przy u\u017cyciu profesjonalnych kamer, o\u015bwietlenia i sprz\u0119tu d\u017awi\u0119kowego. Zesp\u00f3\u0142 produkcyjny dba o to, aby obraz by\u0142 atrakcyjny, a d\u017awi\u0119k czysty i wyra\u017any. W zale\u017cno\u015bci od rodzaju filmu faza ta mo\u017ce r\u00f3wnie\u017c obejmowa\u0107 nagrywanie wywiad\u00f3w, kr\u0119cenie materia\u0142u dodatkowego oraz filmowanie prezentacji produkt\u00f3w. Wysokiej jako\u015bci tre\u015bci wideo s\u0105 obecnie niezb\u0119dne. <strong>Ostatecznym celem jest tworzenie film\u00f3w, kt\u00f3re s\u0105 atrakcyjne wizualnie i anga\u017cuj\u0105ce dla docelowych odbiorc\u00f3w.<\/strong>.<\/p>\n<h3>Postprodukcja: monta\u017c i finalizacja<\/h3>\n<p>Postprodukcja to ostatni etap procesu produkcji filmu korporacyjnego, podczas kt\u00f3rego surowe nagrania s\u0105 przekszta\u0142cane w dopracowany film ko\u0144cowy. Obejmuje to monta\u017c wideo, korekcj\u0119 kolor\u00f3w, projektowanie d\u017awi\u0119ku oraz dodawanie grafiki i efekt\u00f3w wizualnych. Zesp\u00f3\u0142 monta\u017cyst\u00f3w starannie montuje nagrania, zapewniaj\u0105c p\u0142ynny przebieg i dodaj\u0105c w razie potrzeby muzyk\u0119 i narracj\u0119. <strong>Celem jest stworzenie wysokiej jako\u015bci filmu korporacyjnego, kt\u00f3ry b\u0119dzie zachwyca\u0142 wizualnie, by\u0142 przyjemny dla ucha i skutecznie przekazywa\u0142 komunikat klienta.<\/strong>. Ka\u017cdy projekt korzysta z pe\u0142nego zakresu us\u0142ug postprodukcyjnych Simple Frame, takich jak monta\u017c, korekcja kolor\u00f3w i projektowanie d\u017awi\u0119ku, aby zapewni\u0107 dopracowany efekt ko\u0144cowy. Firma dostarcza filmy zoptymalizowane pod k\u0105tem platform cyfrowych, medi\u00f3w spo\u0142eczno\u015bciowych i prezentacji korporacyjnych, aby zmaksymalizowa\u0107 widoczno\u015b\u0107 marki.<\/p>\n<p>&nbsp;<\/p>\n<p><iframe loading=\"lazy\" title=\"Trawena_ANG\" src=\"https:\/\/player.vimeo.com\/video\/1016226133?dnt=1&amp;app_id=122963\" width=\"1170\" height=\"658\" frameborder=\"0\" allow=\"autoplay; fullscreen; picture-in-picture; clipboard-write; encrypted-media; web-share\" referrerpolicy=\"strict-origin-when-cross-origin\"><\/iframe><\/p>\n<h2>Rodzaje film\u00f3w korporacyjnych<\/h2>\n<h3>Filmy o marce<\/h3>\n<p><strong>Filmy promuj\u0105ce mark\u0119 stanowi\u0105 podstaw\u0119 produkcji film\u00f3w korporacyjnych. Ich celem jest zaprezentowanie warto\u015bci, misji i og\u00f3lnej to\u017csamo\u015bci marki firmy, budowanie emocjonalnej wi\u0119zi z odbiorcami oraz zwi\u0119kszanie \u015bwiadomo\u015bci marki.<\/strong>. Nie s\u0105 to typowe filmy marketingowe; si\u0119gaj\u0105 one g\u0142\u0119biej, buduj\u0105c emocjonaln\u0105 wi\u0119\u017a z odbiorcami i zwi\u0119kszaj\u0105c \u015bwiadomo\u015b\u0107 marki. Dzi\u0119ki fascynuj\u0105cej narracji i wysokiej jako\u015bci produkcji filmy promuj\u0105ce mark\u0119 mog\u0105 wywrze\u0107 trwa\u0142e wra\u017cenie, wyr\u00f3\u017cniaj\u0105c firm\u0119 na tle konkurencji. Celem jest tworzenie film\u00f3w, kt\u00f3re przemawiaj\u0105 do widz\u00f3w, buduj\u0105 zaufanie i lojalno\u015b\u0107 oraz skutecznie komunikuj\u0105 warto\u015bci wyznawane przez mark\u0119.<\/p>\n<h3>Filmy o produktach<\/h3>\n<p><strong>Filmy produktowe s\u0142u\u017c\u0105 jako dynamiczne prezentacje, podkre\u015blaj\u0105ce cechy, zalety i rzeczywiste zastosowania produkt\u00f3w lub us\u0142ug firmy.<\/strong>. Filmy te mog\u0105 mie\u0107 r\u00f3\u017cn\u0105 form\u0119 \u2013 od szczeg\u00f3\u0142owych prezentacji produkt\u00f3w po anga\u017cuj\u0105ce reklamy wideo, kt\u00f3re przyci\u0105gaj\u0105 uwag\u0119 i zwi\u0119kszaj\u0105 konwersj\u0119. Pokazuj\u0105c, w jaki spos\u00f3b produkt rozwi\u0105zuje problemy lub poprawia jako\u015b\u0107 \u017cycia, filmy o produktach mog\u0105 by\u0107 niezwykle skuteczne w przekonywaniu potencjalnych klient\u00f3w. Kluczowe znaczenie ma tutaj wysoka jako\u015b\u0107 wideo, poniewa\u017c pozwala ona widzom w pe\u0142ni doceni\u0107 projekt i funkcjonalno\u015b\u0107 produktu, co ostatecznie zwi\u0119ksza sprzeda\u017c i \u015bwiadomo\u015b\u0107 marki.<\/p>\n<h3>Filmy wyja\u015bniaj\u0105ce<\/h3>\n<p><strong>Filmy wyja\u015bniaj\u0105ce maj\u0105 na celu uproszczenie z\u0142o\u017conych poj\u0119\u0107 lub proces\u00f3w w spos\u00f3b atrakcyjny i \u0142atwy do zrozumienia.<\/strong>. Tego typu filmy korporacyjne cz\u0119sto wykorzystuj\u0105 animacje lub grafiki ruchowe, aby przekszta\u0142ci\u0107 skomplikowane informacje w przyst\u0119pne narracje wizualne. Skuteczne filmy wyja\u015bniaj\u0105ce s\u0105 niezb\u0119dne do edukowania klient\u00f3w, szkolenia pracownik\u00f3w lub wyja\u015bniania unikalnej propozycji warto\u015bci firmy. Nie tylko oszcz\u0119dzaj\u0105 czas i zasoby, ale tak\u017ce zapewniaj\u0105 skuteczne i wydajne przekazywanie komunikat\u00f3w, zwi\u0119kszaj\u0105c \u015bwiadomo\u015b\u0107 marki i zrozumienie klient\u00f3w.<\/p>\n<h2>Wyb\u00f3r odpowiedniej firmy zajmuj\u0105cej si\u0119 produkcj\u0105 film\u00f3w<\/h2>\n<h3>Na co zwr\u00f3ci\u0107 uwag\u0119 przy wyborze firmy zajmuj\u0105cej si\u0119 produkcj\u0105 film\u00f3w<\/h3>\n<p><strong>Wyb\u00f3r odpowiedniej firmy zajmuj\u0105cej si\u0119 produkcj\u0105 film\u00f3w ma kluczowe znaczenie dla powodzenia ka\u017cdego projektu filmowego.<\/strong>. Poszukaj firmy z udokumentowanym do\u015bwiadczeniem, bogatym portfolio oraz zespo\u0142em do\u015bwiadczonych producent\u00f3w, re\u017cyser\u00f3w i monta\u017cyst\u00f3w filmowych. Bardzo wa\u017cne jest, aby oceni\u0107 ich zrozumienie Twojej marki, grupy docelowej i cel\u00f3w. Dobra firma zajmuj\u0105ca si\u0119 produkcj\u0105 film\u00f3w powinna oferowa\u0107 pe\u0142en zakres us\u0142ug zwi\u0105zanych z produkcj\u0105 film\u00f3w, od koncepcji i scenariusza po filmowanie, monta\u017c i ostateczn\u0105 dostaw\u0119 filmu, zapewniaj\u0105c p\u0142ynny i oparty na wsp\u00f3\u0142pracy proces.<\/p>\n<h3>Ocena agencji zajmuj\u0105cych si\u0119 produkcj\u0105 film\u00f3w<\/h3>\n<p><strong>Oceniaj\u0105c agencje zajmuj\u0105ce si\u0119 produkcj\u0105 film\u00f3w, we\u017a pod uwag\u0119 ich do\u015bwiadczenie w tworzeniu r\u00f3\u017cnych rodzaj\u00f3w film\u00f3w korporacyjnych oraz zdolno\u015b\u0107 do opracowywania atrakcyjnych tre\u015bci wideo, kt\u00f3re s\u0105 zgodne z Twoj\u0105 mark\u0105 i celami marketingowymi.<\/strong>. Oce\u0144 ich zdolno\u015b\u0107 do tworzenia atrakcyjnych tre\u015bci wideo, kt\u00f3re s\u0105 zgodne z Twoj\u0105 mark\u0105 i celami marketingowymi. Zwr\u00f3\u0107 uwag\u0119 na ich styl komunikacji, szybko\u015b\u0107 reakcji i gotowo\u015b\u0107 do \u015bcis\u0142ej wsp\u00f3\u0142pracy z Twoim zespo\u0142em. Renomowana agencja produkcji wideo powinna r\u00f3wnie\u017c zapewni\u0107 przejrzyste ceny i jasny harmonogram procesu produkcji wideo, gwarantuj\u0105c, \u017ce projekt b\u0119dzie realizowany zgodnie z planem i w ramach bud\u017cetu.<\/p>\n<h3>Rola firmy zajmuj\u0105cej si\u0119 produkcj\u0105 film\u00f3w korporacyjnych<\/h3>\n<p><strong>Rola firmy zajmuj\u0105cej si\u0119 produkcj\u0105 film\u00f3w korporacyjnych wykracza poza samo tworzenie film\u00f3w; obejmuje ona zrozumienie Twojej dzia\u0142alno\u015bci, odbiorc\u00f3w i cel\u00f3w, a nast\u0119pnie opracowanie strategii wideo, kt\u00f3ra pomo\u017ce Ci osi\u0105gn\u0105\u0107 zamierzone cele.<\/strong>. Dobra firma zajmuj\u0105ca si\u0119 produkcj\u0105 film\u00f3w korporacyjnych pe\u0142ni rol\u0119 strategicznego partnera, zapewniaj\u0105c doradztwo i wiedz\u0119 specjalistyczn\u0105 podczas ca\u0142ego procesu produkcji filmu. Od opracowania koncepcji po ostateczn\u0105 dostaw\u0119 filmu, powinna ona by\u0107 zaanga\u017cowana w tworzenie wysokiej jako\u015bci film\u00f3w korporacyjnych, kt\u00f3re przemawiaj\u0105 do docelowych odbiorc\u00f3w, zwi\u0119kszaj\u0105 \u015bwiadomo\u015b\u0107 marki i przynosz\u0105 wymierne rezultaty. Dba ona o to, aby ka\u017cda produkcja filmowa zako\u0144czy\u0142a si\u0119 powstaniem atrakcyjnego filmu.<\/p>\n<h2>Kwestie zwi\u0105zane z kosztami produkcji wideo<\/h2>\n<h3>Zrozumienie koszt\u00f3w produkcji wideo<\/h3>\n<p><strong>Zrozumienie koszt\u00f3w produkcji film\u00f3w jest kluczowe dla firm planuj\u0105cych zainwestowa\u0107 w produkcj\u0119 film\u00f3w korporacyjnych.<\/strong>. Koszt mo\u017ce si\u0119 znacznie r\u00f3\u017cni\u0107 w zale\u017cno\u015bci od kilku czynnik\u00f3w, w tym z\u0142o\u017cono\u015bci projektu, jako\u015bci u\u017cywanego sprz\u0119tu i do\u015bwiadczenia zespo\u0142u produkcyjnego. Filmy korporacyjne mog\u0105 by\u0107 prostymi, ekonomicznymi rozwi\u0105zaniami lub bardziej rozbudowanymi, kosztownymi produkcjami. Dok\u0142adne zrozumienie tych koszt\u00f3w pozwala firmom podejmowa\u0107 \u015bwiadome decyzje i efektywnie alokowa\u0107 zasoby, zapewniaj\u0105c zgodno\u015b\u0107 projektu wideo z bud\u017cetem i celami. Simple Frame mo\u017ce pom\u00f3c w stworzeniu filmu korporacyjnego, kt\u00f3ry b\u0119dzie pasowa\u0142 do Twojego bud\u017cetu.<\/p>\n<h3>Czynniki wp\u0142ywaj\u0105ce na ceny produkcji wideo<\/h3>\n<p><strong>Na cen\u0119 produkcji wideo wp\u0142ywa kilka czynnik\u00f3w, w tym rodzaj wideo, d\u0142ugo\u015b\u0107 wideo, miejsce kr\u0119cenia oraz potrzeba <a href=\"https:\/\/www.simpleframe.pl\/en\/post-production\/\" target=\"_blank\" rel=\"noopener\">efekty specjalne<\/a> lub animacja<\/strong>. Rodzaj filmu, np. film wyja\u015bniaj\u0105cy lub film promuj\u0105cy mark\u0119, mo\u017ce mie\u0107 wp\u0142yw na ca\u0142kowity koszt produkcji. Istotn\u0105 rol\u0119 odgrywaj\u0105 r\u00f3wnie\u017c d\u0142ugo\u015b\u0107 filmu, miejsce kr\u0119cenia oraz konieczno\u015b\u0107 zastosowania efekt\u00f3w specjalnych lub animacji. Dodatkowo na cen\u0119 wp\u0142ywaj\u0105 do\u015bwiadczenie i reputacja firm zajmuj\u0105cych si\u0119 produkcj\u0105 film\u00f3w. Zrozumienie tych czynnik\u00f3w pozwala firmom dok\u0142adnie oszacowa\u0107 bud\u017cet projektu filmowego i por\u00f3wna\u0107 oferty r\u00f3\u017cnych agencji zajmuj\u0105cych si\u0119 produkcj\u0105 film\u00f3w, aby znale\u017a\u0107 najlepsz\u0105 ofert\u0119.<\/p>\n<h3>Bud\u017cetowanie produkcji film\u00f3w korporacyjnych<\/h3>\n<p><strong>Bud\u017cetowanie produkcji film\u00f3w korporacyjnych wymaga starannego planowania i uwzgl\u0119dnienia wszystkich zwi\u0105zanych z tym wydatk\u00f3w.<\/strong>. Zacznij od okre\u015blenia cel\u00f3w filmu i po\u017c\u0105danego rezultatu. Nast\u0119pnie sprawd\u017a \u015brednie koszty produkcji film\u00f3w o podobnej tematyce, aby ustali\u0107 realistyczny bud\u017cet. Przeznacz \u015brodki na przedprodukcj\u0119, produkcj\u0119 i postprodukcj\u0119, w tym monta\u017c filmu i ostateczn\u0105 dostaw\u0119. We\u017a pod uwag\u0119 fundusz rezerwowy na nieprzewidziane wydatki. Tworz\u0105c szczeg\u00f3\u0142owy bud\u017cet, firmy mog\u0105 zapewni\u0107 sobie najlepszy mo\u017cliwy film wysokiej jako\u015bci bez przekraczania swoich ogranicze\u0144 finansowych. Simple Frame zawsze dostarcza szczeg\u00f3\u0142owy wykaz koszt\u00f3w produkcji filmu. Pomaga to klientowi zrozumie\u0107, na co wydawane s\u0105 pieni\u0105dze.<\/p>\n<p><iframe loading=\"lazy\" title=\"Lumag_EN.mp4\" src=\"https:\/\/player.vimeo.com\/video\/661139682?dnt=1&amp;app_id=122963\" width=\"1170\" height=\"658\" frameborder=\"0\" allow=\"autoplay; fullscreen; picture-in-picture; clipboard-write; encrypted-media; web-share\" referrerpolicy=\"strict-origin-when-cross-origin\"><\/iframe><\/p>\n<h2>Marketing i dystrybucja wideo<\/h2>\n<h3>Jak promowa\u0107 filmy korporacyjne<\/h3>\n<p><strong>Skuteczny marketing wideo ma zasadnicze znaczenie dla maksymalizacji wp\u0142ywu film\u00f3w korporacyjnych.<\/strong>. Zacznij od zidentyfikowania docelowych odbiorc\u00f3w i dostosowania tre\u015bci wideo do ich zainteresowa\u0144 i potrzeb. Wykorzystaj r\u00f3\u017cne kana\u0142y marketingu wideo, takie jak media spo\u0142eczno\u015bciowe, marketing e-mailowy i strona internetowa firmy, aby promowa\u0107 filmy korporacyjne. Zoptymalizuj tytu\u0142y, opisy i tagi film\u00f3w, aby poprawi\u0107 widoczno\u015b\u0107 w wyszukiwarkach. Anga\u017cuj widz\u00f3w, odpowiadaj\u0105c na komentarze i opinie, buduj\u0105c poczucie wsp\u00f3lnoty wok\u00f3\u0142 tre\u015bci wideo. Simple Frame mo\u017ce pom\u00f3c w tworzeniu film\u00f3w, kt\u00f3re zwi\u0119ksz\u0105 rozpoznawalno\u015b\u0107 Twojej marki.<\/p>\n<h3>Najlepsze praktyki w zakresie dystrybucji tre\u015bci wideo<\/h3>\n<p><strong>Najlepsze praktyki w zakresie dystrybucji tre\u015bci wideo obejmuj\u0105 strategiczne planowanie i realizacj\u0119, w tym optymalizacj\u0119 film\u00f3w pod k\u0105tem r\u00f3\u017cnych platform oraz stosowanie atrakcyjnych miniatur.<\/strong>. Upewnij si\u0119, \u017ce Twoje filmy s\u0105 zoptymalizowane pod k\u0105tem r\u00f3\u017cnych platform, takich jak YouTube, Vimeo i kana\u0142y medi\u00f3w spo\u0142eczno\u015bciowych. U\u017cywaj atrakcyjnych miniatur i interesuj\u0105cych tytu\u0142\u00f3w, aby przyci\u0105gn\u0105\u0107 uwag\u0119 widz\u00f3w. Promuj swoje tre\u015bci wideo za pomoc\u0105 p\u0142atnych reklam i kana\u0142\u00f3w organicznych. Wsp\u00f3\u0142pracuj z influencerami i partnerami bran\u017cowymi, aby zwi\u0119kszy\u0107 sw\u00f3j zasi\u0119g. \u015aled\u017a wska\u017aniki wydajno\u015bci film\u00f3w, takie jak liczba wy\u015bwietle\u0144, zaanga\u017cowanie i konwersje, aby udoskonali\u0107 strategi\u0119 dystrybucji i zmaksymalizowa\u0107 wyniki. Strategia ta pozwoli stworzy\u0107 film korporacyjny, kt\u00f3ry przyci\u0105gnie potencjalnych klient\u00f3w.<\/p>\n<h3>Pomiar sukcesu w marketingu wideo<\/h3>\n<p><strong>Pomiar skuteczno\u015bci marketingu wideo ma kluczowe znaczenie dla okre\u015blenia efektywno\u015bci kampanii wideo poprzez \u015bledzenie kluczowych wska\u017anik\u00f3w efektywno\u015bci (KPI).<\/strong>. \u015aled\u017a kluczowe wska\u017aniki wydajno\u015bci (KPI), takie jak liczba wy\u015bwietle\u0144 film\u00f3w, czas ogl\u0105dania, wska\u017aniki zaanga\u017cowania i wsp\u00f3\u0142czynniki klikalno\u015bci. Analizuj ruch na stronie internetowej i wsp\u00f3\u0142czynniki konwersji, aby oceni\u0107 wp\u0142yw film\u00f3w na wyniki biznesowe. Korzystaj z narz\u0119dzi analitycznych, aby uzyska\u0107 wgl\u0105d w dane demograficzne, zachowania i preferencje widz\u00f3w. Dzi\u0119ki ci\u0105g\u0142emu monitorowaniu i analizowaniu tych wska\u017anik\u00f3w mo\u017cesz udoskonali\u0107 strategi\u0119 marketingow\u0105 dotycz\u0105c\u0105 film\u00f3w i zoptymalizowa\u0107 tre\u015bci wideo, aby uzyska\u0107 lepsze wyniki, co prowadzi do zwi\u0119kszenia \u015bwiadomo\u015bci marki. Oto, co powiniene\u015b wiedzie\u0107 z przewodnika po produkcji film\u00f3w korporacyjnych.<\/p>\n<p><iframe loading=\"lazy\" title=\"Lufthansa.mp4\" src=\"https:\/\/player.vimeo.com\/video\/655305551?dnt=1&amp;app_id=122963\" width=\"1170\" height=\"658\" frameborder=\"0\" allow=\"autoplay; fullscreen; picture-in-picture; clipboard-write; encrypted-media; web-share\" referrerpolicy=\"strict-origin-when-cross-origin\"><\/iframe><\/p>","protected":false},"excerpt":{"rendered":"<p>Corporate Video Production: Find Video Production Companies In the dynamic landscape of modern business, where attention spans are fleeting and competition is [&hellip;]<\/p>\n","protected":false},"author":1,"featured_media":1248,"parent":0,"menu_order":0,"comment_status":"closed","ping_status":"closed","template":"","meta":{"footnotes":""},"class_list":["post-1247","page","type-page","status-publish","has-post-thumbnail","hentry"],"_links":{"self":[{"href":"https:\/\/simpleframe.com\/pl\/wp-json\/wp\/v2\/pages\/1247","targetHints":{"allow":["GET"]}}],"collection":[{"href":"https:\/\/simpleframe.com\/pl\/wp-json\/wp\/v2\/pages"}],"about":[{"href":"https:\/\/simpleframe.com\/pl\/wp-json\/wp\/v2\/types\/page"}],"author":[{"embeddable":true,"href":"https:\/\/simpleframe.com\/pl\/wp-json\/wp\/v2\/users\/1"}],"replies":[{"embeddable":true,"href":"https:\/\/simpleframe.com\/pl\/wp-json\/wp\/v2\/comments?post=1247"}],"version-history":[{"count":18,"href":"https:\/\/simpleframe.com\/pl\/wp-json\/wp\/v2\/pages\/1247\/revisions"}],"predecessor-version":[{"id":1518,"href":"https:\/\/simpleframe.com\/pl\/wp-json\/wp\/v2\/pages\/1247\/revisions\/1518"}],"wp:featuredmedia":[{"embeddable":true,"href":"https:\/\/simpleframe.com\/pl\/wp-json\/wp\/v2\/media\/1248"}],"wp:attachment":[{"href":"https:\/\/simpleframe.com\/pl\/wp-json\/wp\/v2\/media?parent=1247"}],"curies":[{"name":"wp","href":"https:\/\/api.w.org\/{rel}","templated":true}]}}