{"id":88,"date":"2023-11-04T07:52:58","date_gmt":"2023-11-04T06:52:58","guid":{"rendered":"https:\/\/simpleframe.com\/?page_id=88"},"modified":"2025-01-01T23:46:14","modified_gmt":"2025-01-01T22:46:14","slug":"video-explainer","status":"publish","type":"page","link":"https:\/\/simpleframe.com\/de\/video-explainer\/","title":{"rendered":"Video-Erkl\u00e4rung"},"content":{"rendered":"<p>In der modernen \u00c4ra des digitalen Marketings ist eine wirksame Werbung f\u00fcr ein Produkt von entscheidender Bedeutung f\u00fcr dessen Erfolg. Eine innovative und \u00fcberzeugende M\u00f6glichkeit, Kunden mit den Vorteilen eines Produkts vertraut zu machen, ist der Einsatz eines Erkl\u00e4rvideos. Erkl\u00e4rvideos sind kurze Filme, die die Vorteile eines Produkts hervorheben und seine einzigartigen Eigenschaften pr\u00e4sentieren. Sie verdeutlichen auch die \u00dcberlegenheit des Produkts gegen\u00fcber der Konkurrenz.<\/p>\n\n\n\n<h4 class=\"wp-block-heading\"><strong>Erkl\u00e4rvideo - f\u00fcr wen?<\/strong><\/h4>\n\n\n\n<p><br>Ein Erkl\u00e4rvideo ist ein vielseitiges Instrument, das auf verschiedene Produkte und Zielgruppen zugeschnitten werden kann. Er wird mit der Absicht erstellt, eine fesselnde Geschichte \u00fcber ein Produkt oder eine Dienstleistung zu erz\u00e4hlen. Egal, ob ein Produkt eigenst\u00e4ndig oder als Teil einer umfassenderen Marketingstrategie beworben wird, Erkl\u00e4rvideos k\u00f6nnen verschiedenen Bed\u00fcrfnissen gerecht werden. Diese Kurzfilme sind mehr als nur Verkaufsinstrumente; sie tragen dazu bei, den Kunden die Marke n\u00e4her zu bringen, indem sie ein intensives und fesselndes Erlebnis bieten.<br><iframe loading=\"lazy\" title=\"Intenso \/ Jira\" src=\"https:\/\/player.vimeo.com\/video\/125022101?badge=0&amp;autopause=0&amp;quality_selector=1&amp;player_id=0&amp;app_id=58479\" width=\"1280\" height=\"720\" frameborder=\"0\"><\/iframe><br><\/p>\n\n\n\n<h4 class=\"wp-block-heading\"><strong>Die vielf\u00e4ltigen Vorteile von Videoexplainern<\/strong><\/h4>\n\n\n\n<p><br>Die Vorteile einer Investition in eine Erkl\u00e4rvideo-Produktion gehen \u00fcber den Verkaufsaspekt hinaus. Zwar tragen diese Filme tats\u00e4chlich dazu bei, den Absatz zu steigern, indem sie das Produkt in einem g\u00fcnstigen Licht pr\u00e4sentieren, aber ihre Wirkung geht dar\u00fcber hinaus. Ein gut gestalteter Erkl\u00e4rfilm kann das Image einer Marke effektiv pflegen und sogar aufbauen. Marken, die in Erkl\u00e4rvideos investieren, k\u00f6nnen diese auf verschiedenen Medienplattformen einsetzen, z. B. in Webanzeigen, sozialen Medien und Fernsehwerbung.<\/p>\n\n\n\n<h4 class=\"wp-block-heading\"><strong>Aufbau einer Verbindung durch Geschichtenerz\u00e4hlen<\/strong><\/h4>\n\n\n\n<p><br>Erkl\u00e4rvideos haben die Kraft, eine Geschichte zu erz\u00e4hlen, die bei den Menschen ankommt. <a href=\"https:\/\/simpleframe.com\/de\/knowledge-base\/3d-technical-animation\/\">potenziell<\/a> Kunden. Erkl\u00e4rvideos verwenden Elemente wie Animationen, Grafiken und \u00fcberzeugende Erz\u00e4hlungen, um komplexe Informationen zu vereinfachen. Dieser Ansatz macht das Produkt zug\u00e4nglicher und attraktiver f\u00fcr die Zielgruppe und f\u00f6rdert eine Verbindung zwischen dem Zuschauer und der Marke, was den Weg f\u00fcr die Kundenbindung ebnet.<\/p>\n\n\n\n<h4 class=\"wp-block-heading\"><strong>Vielseitigkeit und breite Anwendung<\/strong><\/h4>\n\n\n\n<p><br>Der Einsatz von Erkl\u00e4rvideos erstreckt sich \u00fcber verschiedene Sektoren und Branchen. Von Tech-Start-ups, die eine neue Softwarel\u00f6sung vorstellen, bis hin zu Einzelhandelsunternehmen, die eine neue Produktlinie einf\u00fchren, k\u00f6nnen Erkl\u00e4rvideos auf die Bed\u00fcrfnisse jeder Marke zugeschnitten werden. Sie eignen sich besonders gut, um die Funktionen von Produkten zu demonstrieren, die kompliziert oder erkl\u00e4rungsbed\u00fcrftig sein k\u00f6nnen.<br><iframe loading=\"lazy\" title=\"Collage von Europa - Erkl\u00e4rvideo\" src=\"https:\/\/player.vimeo.com\/video\/186245033?badge=0&amp;autopause=0&amp;quality_selector=1&amp;player_id=0&amp;app_id=58479\" width=\"1920\" height=\"1080\" frameborder=\"0\"><\/iframe><br><\/p>\n\n\n\n<h4 class=\"wp-block-heading\"><strong>Gestaltung des perfekten Erkl\u00e4rvideos<\/strong><\/h4>\n\n\n\n<p><br>Die Erstellung eines Erkl\u00e4rvideos erfordert die Zusammenarbeit verschiedener Fachleute, darunter Drehbuchautoren, Grafikdesigner, Animatoren, Synchronsprecher und Marketingexperten. Entscheidend ist, dass das Erkl\u00e4rvideo nicht nur \u00e4sthetisch ansprechend, sondern auch inhaltsreich und auf die Erwartungen der Zielgruppe zugeschnitten ist.<br><iframe loading=\"lazy\" title=\"Gamebrain\" src=\"https:\/\/player.vimeo.com\/video\/84019545?badge=0&amp;autopause=0&amp;quality_selector=1&amp;player_id=0&amp;app_id=58479\" width=\"1920\" height=\"1080\" frameborder=\"0\"><\/iframe><br><\/p>\n\n\n\n<h4 class=\"wp-block-heading\"><strong>Verbesserung von Markenimage und Sichtbarkeit<\/strong><\/h4>\n\n\n\n<p><br>Die Investition in Erkl\u00e4rvideos ist ein strategischer Schritt, der die Sichtbarkeit und das Image einer Marke erheblich verbessern kann. Durch konsistentes und effektives Storytelling k\u00f6nnen Marken ihre Werte, Mission und Vision vermitteln. In der heutigen, von sozialen Medien gepr\u00e4gten Welt k\u00f6nnen sich Inhalte im Handumdrehen verbreiten. Ein gut produziertes Erkl\u00e4rvideo kann die Pr\u00e4senz und den Bekanntheitsgrad einer Marke erheblich steigern.<br><iframe loading=\"lazy\" title=\"Showreel - Animacja 2d\" src=\"https:\/\/player.vimeo.com\/video\/67118237?badge=0&amp;autopause=0&amp;quality_selector=1&amp;player_id=0&amp;app_id=58479\" width=\"1920\" height=\"1080\" frameborder=\"0\"><\/iframe><br><\/p>\n\n\n\n<h4 class=\"wp-block-heading\"><strong>Schlussfolgerung<\/strong><\/h4>\n\n\n\n<p><br>Zusammenfassend l\u00e4sst sich sagen, dass Erkl\u00e4rvideos ein leistungsstarkes Marketinginstrument sind, das Marken nutzen k\u00f6nnen, um sich einen Wettbewerbsvorteil zu verschaffen. Durch die pr\u00e4gnante Darstellung der Produktvorteile und die Schaffung einer fesselnden Erz\u00e4hlung k\u00f6nnen Erkl\u00e4rvideos erheblich zur Umsatzsteigerung und zum Aufbau einer starken, positiven Markenpr\u00e4senz beitragen. Marken, die einen bleibenden Eindruck hinterlassen und eine starke Bindung zu ihren Kunden aufbauen wollen, sollten daher die Integration von Erkl\u00e4rvideos in ihre Marketingstrategie in Betracht ziehen.<\/p>\n\n\n\n<figure class=\"wp-block-image size-large\"><a href=\"https:\/\/www.youtube.com\/@SimpleFrame_FA\/videos\" rel=\"noopener\"><img loading=\"lazy\" decoding=\"async\" width=\"1024\" height=\"396\" src=\"https:\/\/simpleframe.com\/wp-content\/uploads\/2024\/04\/logo-1024x396.png\" alt=\"Video explainer\" class=\"wp-image-796\" srcset=\"https:\/\/simpleframe.com\/wp-content\/uploads\/2024\/04\/logo-1024x396.png 1024w, https:\/\/simpleframe.com\/wp-content\/uploads\/2024\/04\/logo-300x116.png 300w, https:\/\/simpleframe.com\/wp-content\/uploads\/2024\/04\/logo-768x297.png 768w, https:\/\/simpleframe.com\/wp-content\/uploads\/2024\/04\/logo-1536x593.png 1536w, https:\/\/simpleframe.com\/wp-content\/uploads\/2024\/04\/logo-2048x791.png 2048w, https:\/\/simpleframe.com\/wp-content\/uploads\/2024\/04\/logo-1000x386.png 1000w, https:\/\/simpleframe.com\/wp-content\/uploads\/2024\/04\/logo-230x89.png 230w, https:\/\/simpleframe.com\/wp-content\/uploads\/2024\/04\/logo-350x135.png 350w, https:\/\/simpleframe.com\/wp-content\/uploads\/2024\/04\/logo-480x185.png 480w\" sizes=\"auto, (max-width: 1024px) 100vw, 1024px\" \/><\/a><\/figure>","protected":false},"excerpt":{"rendered":"<p>In the modern era of digital marketing, effectively promoting a product is essential for its success. One innovative and compelling way to [&hellip;]<\/p>\n","protected":false},"author":1,"featured_media":0,"parent":0,"menu_order":0,"comment_status":"closed","ping_status":"closed","template":"","meta":{"footnotes":""},"class_list":["post-88","page","type-page","status-publish","hentry"],"_links":{"self":[{"href":"https:\/\/simpleframe.com\/de\/wp-json\/wp\/v2\/pages\/88","targetHints":{"allow":["GET"]}}],"collection":[{"href":"https:\/\/simpleframe.com\/de\/wp-json\/wp\/v2\/pages"}],"about":[{"href":"https:\/\/simpleframe.com\/de\/wp-json\/wp\/v2\/types\/page"}],"author":[{"embeddable":true,"href":"https:\/\/simpleframe.com\/de\/wp-json\/wp\/v2\/users\/1"}],"replies":[{"embeddable":true,"href":"https:\/\/simpleframe.com\/de\/wp-json\/wp\/v2\/comments?post=88"}],"version-history":[{"count":12,"href":"https:\/\/simpleframe.com\/de\/wp-json\/wp\/v2\/pages\/88\/revisions"}],"predecessor-version":[{"id":1086,"href":"https:\/\/simpleframe.com\/de\/wp-json\/wp\/v2\/pages\/88\/revisions\/1086"}],"wp:attachment":[{"href":"https:\/\/simpleframe.com\/de\/wp-json\/wp\/v2\/media?parent=88"}],"curies":[{"name":"wp","href":"https:\/\/api.w.org\/{rel}","templated":true}]}}