{"id":241,"date":"2023-12-26T06:01:03","date_gmt":"2023-12-26T05:01:03","guid":{"rendered":"https:\/\/simpleframe.com\/?page_id=241"},"modified":"2025-01-01T23:54:00","modified_gmt":"2025-01-01T22:54:00","slug":"empowering-your-marketing-3d-animations","status":"publish","type":"page","link":"https:\/\/simpleframe.com\/de\/empowering-your-marketing-3d-animations\/","title":{"rendered":"Coole 3D-Animationen \u2013 St\u00e4rken Sie Ihr Marketing"},"content":{"rendered":"<h2 class=\"wp-block-heading\"><strong>Simple Frame: St\u00e4rken Sie Ihre Marketingbem\u00fchungen mit modernsten 3D-Animationen<\/strong><\/h2>\n\n\n\n<p>In der dynamischen und wettbewerbsorientierten Marketinglandschaft von heute suchen Unternehmen st\u00e4ndig nach innovativen Wegen, um ihr Publikum anzusprechen. Sie sind bestrebt, sich mit einzigartigen Strategien von der Masse abzuheben. Simple Frame 3D <a href=\"https:\/\/www.animacje-komputerowe.com.pl\/\" rel=\"noopener\">Animationsstudio<\/a> zeichnet sich als zuverl\u00e4ssiger Partner f\u00fcr diese Unternehmen aus. Das Studio nutzt fesselnde <a href=\"https:\/\/simpleframe.com\/de\/knowledge-base\/the-power-of-3d-animation-voestelpine\/\">3D-Animation<\/a> Marketingkampagnen in wirkungsvolle visuelle Erlebnisse zu verwandeln.<\/p>\n\n\n\n<h2 class=\"wp-block-heading\"><strong>Die digitale Transformation begr\u00fc\u00dfen: Marketing mit 3D-Animation neu definieren<\/strong><\/h2>\n\n\n\n<p><\/p>\n\n\n\n<p><iframe loading=\"lazy\" title=\"ZPUE - animacja produktowa\" src=\"https:\/\/player.vimeo.com\/video\/706860745?badge=0&amp;autopause=0&amp;player_id=0&amp;app_id=58479\" width=\"1920\" height=\"1080\" frameborder=\"0\"><\/iframe><\/p>\n\n\n\n<p>Die Entwicklung des Marketings spiegelt den technologischen Fortschritt unserer Zeit wider. Traditionelle Marketingkan\u00e4le wie Printanzeigen und Live-Action-Fernsehwerbung werden im digitalen Zeitalter ersetzt. Immersive Erlebnisse und interaktive Inhalte stehen nun an erster Stelle. Simple Frame 3D Animation Studio ist f\u00fchrend in dieser digitalen Transformation. Das Studio bietet innovative 3D-Animationsl\u00f6sungen, die Marketingmaterialien auf ein neues Niveau heben.<\/p>\n\n\n\n<figure class=\"wp-block-image size-large\"><img loading=\"lazy\" decoding=\"async\" width=\"1024\" height=\"320\" src=\"http:\/\/simpleframe.com\/wp-content\/uploads\/2024\/01\/Film_reklamowy_02-1024x320.jpg\" alt=\"3d animations\" class=\"wp-image-287\" srcset=\"https:\/\/simpleframe.com\/wp-content\/uploads\/2024\/01\/Film_reklamowy_02-1024x320.jpg 1024w, https:\/\/simpleframe.com\/wp-content\/uploads\/2024\/01\/Film_reklamowy_02-300x94.jpg 300w, https:\/\/simpleframe.com\/wp-content\/uploads\/2024\/01\/Film_reklamowy_02-768x240.jpg 768w, https:\/\/simpleframe.com\/wp-content\/uploads\/2024\/01\/Film_reklamowy_02-1536x480.jpg 1536w, https:\/\/simpleframe.com\/wp-content\/uploads\/2024\/01\/Film_reklamowy_02-1000x313.jpg 1000w, https:\/\/simpleframe.com\/wp-content\/uploads\/2024\/01\/Film_reklamowy_02-230x72.jpg 230w, https:\/\/simpleframe.com\/wp-content\/uploads\/2024\/01\/Film_reklamowy_02-350x109.jpg 350w, https:\/\/simpleframe.com\/wp-content\/uploads\/2024\/01\/Film_reklamowy_02-480x150.jpg 480w, https:\/\/simpleframe.com\/wp-content\/uploads\/2024\/01\/Film_reklamowy_02.jpg 1920w\" sizes=\"auto, (max-width: 1024px) 100vw, 1024px\" \/><\/figure>\n\n\n\n<h2 class=\"wp-block-heading\"><strong>Die anhaltende Kraft der 3D-Animation: Das Publikum fesseln und Wirkung erzielen<\/strong><\/h2>\n\n\n\n<p>3D-Animationen haben die Welt des Marketings revolutioniert und bieten ein leistungsstarkes Werkzeug, um die Aufmerksamkeit des Publikums zu gewinnen und Botschaften effektiv zu vermitteln. 3D-Animationen bieten eine dynamische und immersive M\u00f6glichkeit, Produkte, Dienstleistungen und Markengeschichten zu pr\u00e4sentieren. Dies unterscheidet sie von traditionellen Marketingmaterialien.<\/p>\n\n\n\n<h2 class=\"wp-block-heading\"><strong>Simple Frame: Ihr Partner f\u00fcr herausragende 3D-Animationen<\/strong><\/h2>\n\n\n\n<p>Simple Frame 3D Animation Studio ist auf die Bereitstellung erstklassiger 3D-Animationen spezialisiert. <a href=\"https:\/\/simpleframe.pl\/produkcja-animacji\/\" rel=\"noopener\">Animationsdienstleistungen<\/a>. Diese Dienstleistungen heben Ihre Marketingmaterialien auf ein v\u00f6llig neues Niveau. Unser Team aus erfahrenen Animatoren und kreativen Fachleuten verf\u00fcgt \u00fcber ein tiefgreifendes Verst\u00e4ndnis f\u00fcr Markttrends und Kundenpr\u00e4ferenzen. So wird sichergestellt, dass Ihre Animationen bei Ihrer Zielgruppe effektiv Anklang finden.<\/p>\n\n\n\n<h2 class=\"wp-block-heading\"><strong>Unser umfassendes Dienstleistungsangebot:<\/strong><\/h2>\n\n\n<p><iframe loading=\"lazy\" title=\"Smay_DE\" src=\"https:\/\/player.vimeo.com\/video\/875628158?badge=0&amp;autopause=0&amp;player_id=0&amp;app_id=58479\" width=\"1920\" height=\"1080\" frameborder=\"0\"><\/iframe><\/p>\n\n\n<p>Simple Frame bietet eine umfassende Palette an 3D-Animationsdienstleistungen, um den vielf\u00e4ltigen Anforderungen von Unternehmen aus verschiedenen Branchen gerecht zu werden. Zu unseren Dienstleistungen geh\u00f6ren:<\/p>\n\n\n\n<ol class=\"wp-block-list\">\n<li><strong>Konzeptentwicklung:<\/strong> Wir arbeiten eng mit Ihnen zusammen, um Ihre Vision zu verstehen und ein \u00fcberzeugendes 3D-Animationskonzept zu entwickeln, das Ihren Marketingzielen entspricht.<\/li>\n\n\n\n<li><strong>3D <a href=\"https:\/\/simpleframe.com\/de\/knowledge-base\/what-is-3d-modeling\/\">Modellierung<\/a> und <a href=\"https:\/\/simpleframe.com\/de\/knowledge-base\/what-is-texturing-in-3d-animation\/\">Texturierung<\/a>:<\/strong> Unser Team aus erfahrenen 3D-Modellierern erstellt hochwertige 3D-Modelle Ihrer Produkte, Charaktere oder Umgebungen und gew\u00e4hrleistet dabei fotorealistische Genauigkeit und Detailtreue.<\/li>\n\n\n\n<li><strong>Animationsproduktion:<\/strong> Wir verwenden modernste Animationssoftware, um Ihre 3D-Modelle zum Leben zu erwecken und faszinierende Animationen zu erstellen, die Ihre Markenbotschaft wirkungsvoll vermitteln.<\/li>\n\n\n\n<li><strong>Visuelle Effekte (FX):<\/strong> Wir integrieren atemberaubende visuelle Effekte (FX), um den Realismus und die Wirkung Ihrer Animationen zu verbessern und Ihrem Storytelling mehr Tiefe und Dimension zu verleihen.<\/li>\n\n\n\n<li><strong><a href=\"https:\/\/simpleframe.com\/de\/knowledge-base\/film-production\/\">Videoproduktion<\/a>:<\/strong> Wir integrieren Ihre 3D-Animationen nahtlos in hochwertige Marketingvideos und erstellen so ansprechende und visuell attraktive Inhalte, die bei Ihrem Publikum Anklang finden.<\/li>\n\n\n\n<li><strong>Grafikdesign:<\/strong> Unser Team aus <a href=\"https:\/\/simpleframe.com\/de\/\" data-type=\"link\" data-id=\"https:\/\/simpleframe.com\/\">Grafikdesigner<\/a> Erstellt auff\u00e4llige Grafiken und Visualisierungen, die Ihre Animationen und Marketingmaterialien erg\u00e4nzen und deren Gesamtattraktivit\u00e4t steigern.<\/li>\n\n\n\n<li><strong>Dienstleistungen vom Konzept bis zur Fertigstellung:<\/strong> Wir k\u00fcmmern uns um alle Aspekte Ihres 3D-Animationsprojekts, von der Konzeptentwicklung bis zur endg\u00fcltigen Produktion, und sorgen so f\u00fcr einen reibungslosen und effizienten Ablauf.<\/li>\n\n\n\n<li><strong>Produktpr\u00e4sentationsanimationen:<\/strong> Wir erstellen faszinierende Animationen, die die Funktionen und Vorteile Ihrer Produkte pr\u00e4sentieren und sie so attraktiver machen. <a href=\"https:\/\/simpleframe.com\/de\/knowledge-base\/3d-technical-animation\/\">potenziell<\/a> Kunden.<\/li>\n\n\n\n<li><strong>Erkl\u00e4rvideos:<\/strong> Wir entwickeln ansprechende Erkl\u00e4rvideos, die komplexe Konzepte vereinfachen und Ihrem Publikum helfen, Ihre Angebote besser zu verstehen.<\/li>\n\n\n\n<li><strong>Kreative Marketingkampagnen:<\/strong> Wir arbeiten mit Ihnen zusammen, um kreative Marketingkampagnen zu entwerfen und umzusetzen, die 3D-Animationen beinhalten, und sorgen so f\u00fcr eine einheitliche und wirkungsvolle Gesamtstrategie.<\/li>\n<\/ol>\n\n\n<p><iframe loading=\"lazy\" title=\"Ice-ON_Englische Fassung\" src=\"https:\/\/player.vimeo.com\/video\/403637596?badge=0&amp;autopause=0&amp;player_id=0&amp;app_id=58479\" width=\"1920\" height=\"1080\" frameborder=\"0\"><\/iframe><\/p>\n\n\n<h4 class=\"wp-block-heading\"><strong>Wie Simple Frame Ihre Marketingbem\u00fchungen ver\u00e4ndern kann:<\/strong><\/h4>\n\n\n\n<ol class=\"wp-block-list\">\n<li><strong>Verbessertes Engagement:<\/strong> Unser <a href=\"https:\/\/simpleframe.pl\/animacja-techniczna\/\" data-type=\"link\" data-id=\"https:\/\/simpleframe.pl\/animacja-techniczna\/\" rel=\"noopener\">3D-Animationen<\/a> Fesseln Sie die Aufmerksamkeit Ihres Publikums und f\u00f6rdern Sie das Engagement, damit Ihre Marketingmaterialien einpr\u00e4gsamer und effektiver werden.<\/li>\n\n\n\n<li><strong>Markenwertsteigerung:<\/strong> 3D-Animationen hauchen Ihrer Marke Leben ein und schaffen eine st\u00e4rkere emotionale Bindung zu Ihrer Zielgruppe.<\/li>\n\n\n\n<li><strong>Kreative Differenzierung:<\/strong> Heben Sie sich mit unseren einzigartigen und innovativen 3D-Animationsl\u00f6sungen von der Konkurrenz ab.<\/li>\n\n\n\n<li><strong>Steigende Ums\u00e4tze und ROI:<\/strong> Unsere \u00fcberzeugenden 3D-Animationen steigern den Umsatz und verbessern die Gesamtkapitalrendite Ihrer Marketingkampagnen.<\/li>\n<\/ol>\n\n\n\n<h2 class=\"wp-block-heading\"><strong>Werden Sie Partner von Simple Frame 3D Animation Studio und lassen Sie uns Ihnen dabei helfen, Ihre Marketingbem\u00fchungen auf ein neues Niveau zu heben.<\/strong><\/h2>\n\n\n\n<p>Mit Fachwissen, Kreativit\u00e4t und Leidenschaft f\u00fcr 3D-Animationen verwandeln wir Marketingmaterialien in faszinierende Markenerlebnisse. Diese Erlebnisse finden bei Ihrem Publikum Anklang und sorgen f\u00fcr beeindruckende Ergebnisse. Kontaktieren Sie uns noch heute, um Ihre Anforderungen im Bereich 3D-Animation zu besprechen und zu erfahren, wie wir Ihnen helfen k\u00f6nnen, Ihre Marketingziele zu erreichen.<\/p>\n\n\n\n<p><\/p>","protected":false},"excerpt":{"rendered":"<p>Simple Frame: Empowering Your Marketing Efforts with Cutting-Edge 3D Animations In today&#8217;s dynamic and competitive marketing landscape, businesses constantly look for innovative [&hellip;]<\/p>\n","protected":false},"author":1,"featured_media":0,"parent":0,"menu_order":0,"comment_status":"closed","ping_status":"closed","template":"","meta":{"footnotes":""},"class_list":["post-241","page","type-page","status-publish","hentry"],"_links":{"self":[{"href":"https:\/\/simpleframe.com\/de\/wp-json\/wp\/v2\/pages\/241","targetHints":{"allow":["GET"]}}],"collection":[{"href":"https:\/\/simpleframe.com\/de\/wp-json\/wp\/v2\/pages"}],"about":[{"href":"https:\/\/simpleframe.com\/de\/wp-json\/wp\/v2\/types\/page"}],"author":[{"embeddable":true,"href":"https:\/\/simpleframe.com\/de\/wp-json\/wp\/v2\/users\/1"}],"replies":[{"embeddable":true,"href":"https:\/\/simpleframe.com\/de\/wp-json\/wp\/v2\/comments?post=241"}],"version-history":[{"count":19,"href":"https:\/\/simpleframe.com\/de\/wp-json\/wp\/v2\/pages\/241\/revisions"}],"predecessor-version":[{"id":1094,"href":"https:\/\/simpleframe.com\/de\/wp-json\/wp\/v2\/pages\/241\/revisions\/1094"}],"wp:attachment":[{"href":"https:\/\/simpleframe.com\/de\/wp-json\/wp\/v2\/media?parent=241"}],"curies":[{"name":"wp","href":"https:\/\/api.w.org\/{rel}","templated":true}]}}