{"id":24,"date":"2023-11-03T17:42:42","date_gmt":"2023-11-03T16:42:42","guid":{"rendered":"https:\/\/simpleframe.com\/?page_id=24"},"modified":"2025-05-28T15:28:34","modified_gmt":"2025-05-28T13:28:34","slug":"3d-animations","status":"publish","type":"page","link":"https:\/\/simpleframe.com\/de\/","title":{"rendered":"3D-Animationen - Treten Sie ein in die Welt der einzigartigen Animationen!"},"content":{"rendered":"<h2 class=\"wp-block-heading\">Die Welt der Animation<\/h2>\n\n\n\n<p>Wir entwickeln die fortschrittlichsten <a href=\"https:\/\/simpleframe.com\/de\/product-campaign-with-3d-animation\/\">3d-Animationen<\/a> f\u00fcr unsere Privat- und Firmenkunden, sowie f\u00fcr TV-Sender, Werbe- und PR-Agenturen. Die Technik, die wir in unseren Produktionen verwenden, ist eine gut abgestimmte Mischung aus <a href=\"https:\/\/simpleframe.com\/de\/knowledge-base\/the-power-of-3d-animation-voestelpine\/\">3D-Animation<\/a> und ein Filmmaterial. Durch den Einsatz der neuesten Software sind wir in der Lage, auch die kompliziertesten Animationen zu erstellen. Die Welt der Animation beseitigt die Barrieren zwischen Ihrer Vorstellung und dem, was Sie auf dem Bildschirm sehen wollen. Wir werden Ihre Ideen zum Leben erwecken und das Produkt genau so gestalten, wie Sie es sehen wollen. Wir k\u00f6nnen Ihnen eine Animation in 2D anbieten oder f\u00fcr diejenigen, die einen Schritt weiter gehen wollen, <a href=\"https:\/\/simpleframe.pl\/produkcja-animacji\/\" rel=\"noopener\">3D-Animation<\/a>. <\/p>\n\n\n\n<h2 class=\"wp-block-heading\">Unsere Werkzeuge<\/h2>\n\n\n\n<p>Zum Anpassen der Farben verwenden wir DaVinci Resolve 18. Wir machen eine <a href=\"https:\/\/simpleframe.pl\/animacja-techniczna\/\" rel=\"noopener\">Animationen<\/a> auf Softwares wie Lightwave, Blender oder Maya. Wir arbeiten mit Videoschnittkits wie Avid Media Composer, Adobe Premiere oder Blackmagic Fusion. Sagen Sie uns einfach, wie Sie sich Ihre Idee vorstellen und wir werden sie Ihnen zeigen.<\/p>\n\n\n\n<p><iframe loading=\"lazy\" title=\"Showreel - animacje 3d\" src=\"https:\/\/player.vimeo.com\/video\/53487732?badge=0&amp;autopause=0&amp;quality_selector=1&amp;player_id=0&amp;app_id=58479\" width=\"1920\" height=\"1080\" frameborder=\"0\"><\/iframe><\/p>\n\n\n\n<h2 class=\"wp-block-heading\">Wie wird eine 3D-Animation erstellt?<\/h2>\n\n\n\n<p>Unsere langj\u00e4hrige Erfahrung und unser Expertenteam sorgen f\u00fcr ein Ergebnis, das Ihren Erwartungen entspricht. Wir beginnen den Prozess der Erstellung <a href=\"https:\/\/www.produkcja-filmowa.pl\/animacja-komputerowa\" rel=\"noopener\">3D-Animationen<\/a> indem wir mit dem Kunden diskutieren oder die bestm\u00f6gliche Idee entwickeln, die die Grundlage f\u00fcr das Drehbuch bildet. Wie bei jedem kurzen Werbespot muss das Konzept daf\u00fcr sorgen, dass sich das gesamte Projekt von anderen \u00e4hnlichen Animationen und Filmen abhebt. Nur eine hervorragende Idee und eine erstklassige Ausf\u00fchrung der 3D-Animation f\u00fchren zu einem vollst\u00e4ndigen, ansprechenden und effektiven Werk. Wir erstellen 3D-Animationen in enger Zusammenarbeit mit unseren Kunden, um den Prozess zu straffen. Dieser Ansatz spart Zeit und stellt sicher, dass das Ergebnis mit den beabsichtigten Zielen \u00fcbereinstimmt.<\/p>\n\n\n\n<p><iframe loading=\"lazy\" title=\"ZPAS_Produkte\" src=\"https:\/\/player.vimeo.com\/video\/878641548?badge=0&amp;autopause=0&amp;quality_selector=1&amp;player_id=0&amp;app_id=58479\" width=\"1920\" height=\"1080\" frameborder=\"0\"><\/iframe><\/p>\n\n\n\n<h2 class=\"wp-block-heading\">Warum und wie kann man 3D-Animationen verwenden?<\/h2>\n\n\n\n<p><p>Durch den Einsatz von Software wie Blender, Lightwave und Maya sind wir in der Lage, jede noch so komplexe 3D-Animation zu erstellen. Wir beraten uns in jeder Phase mit unseren Kunden, um sicherzustellen, dass das Endprodukt ihren Erwartungen entspricht. Unabh\u00e4ngig von seinem Zweck ist ein <a href=\"https:\/\/simpleframe.pl\/animacja-produktowa\/\" rel=\"noopener\">3D-Animation<\/a> muss technisch perfekt sein und seine Funktion als Marketing-, Werbe- oder Lehrmittel effektiv erf\u00fcllen. Die bei Simple Frame verf\u00fcgbare Ausr\u00fcstung erm\u00f6glicht es uns, hochmoderne <a href=\"https:\/\/marketingvideo.com.pl\/animacja-komputerowa\/\" rel=\"noopener\">3D-Animationen.<\/a><\/p><br><br><p><iframe loading=\"lazy\" title=\"Smay_DE\" src=\"https:\/\/player.vimeo.com\/video\/875628158?badge=0&amp;autopause=0&amp;quality_selector=1&amp;player_id=0&amp;app_id=58479\" width=\"1920\" height=\"1080\" frameborder=\"0\"><\/iframe><br>Wir verfeinern Ihre Idee, schlagen unsere eigenen Konzepte vor und sorgen gemeinsam f\u00fcr einen perfekten k\u00fcnstlerischen und marketingtechnischen Effekt. Die <a href=\"https:\/\/marketingvideo.com.pl\/animacja-komputerowa\/\" rel=\"noopener\">3D-Animation<\/a> die wir f\u00fcr Ihr Unternehmen erstellen, k\u00f6nnen in verschiedenen Medien verwendet werden, was sie zu einer kosteneffektiven und einmaligen Investition macht.<br><\/p><\/p>","protected":false},"excerpt":{"rendered":"<p>The world of animation We create the most advanced 3d animations for our individual and corporate clients, as well as for TV [&hellip;]<\/p>\n","protected":false},"author":1,"featured_media":0,"parent":0,"menu_order":0,"comment_status":"closed","ping_status":"closed","template":"","meta":{"footnotes":""},"class_list":["post-24","page","type-page","status-publish","hentry"],"_links":{"self":[{"href":"https:\/\/simpleframe.com\/de\/wp-json\/wp\/v2\/pages\/24","targetHints":{"allow":["GET"]}}],"collection":[{"href":"https:\/\/simpleframe.com\/de\/wp-json\/wp\/v2\/pages"}],"about":[{"href":"https:\/\/simpleframe.com\/de\/wp-json\/wp\/v2\/types\/page"}],"author":[{"embeddable":true,"href":"https:\/\/simpleframe.com\/de\/wp-json\/wp\/v2\/users\/1"}],"replies":[{"embeddable":true,"href":"https:\/\/simpleframe.com\/de\/wp-json\/wp\/v2\/comments?post=24"}],"version-history":[{"count":32,"href":"https:\/\/simpleframe.com\/de\/wp-json\/wp\/v2\/pages\/24\/revisions"}],"predecessor-version":[{"id":1210,"href":"https:\/\/simpleframe.com\/de\/wp-json\/wp\/v2\/pages\/24\/revisions\/1210"}],"wp:attachment":[{"href":"https:\/\/simpleframe.com\/de\/wp-json\/wp\/v2\/media?parent=24"}],"curies":[{"name":"wp","href":"https:\/\/api.w.org\/{rel}","templated":true}]}}