{"id":229,"date":"2023-12-26T05:49:00","date_gmt":"2023-12-26T04:49:00","guid":{"rendered":"https:\/\/simpleframe.com\/?page_id=229"},"modified":"2024-12-31T10:54:29","modified_gmt":"2024-12-31T09:54:29","slug":"engineering-and-technical-animation","status":"publish","type":"page","link":"https:\/\/simpleframe.com\/de\/engineering-and-technical-animation\/","title":{"rendered":"Technische und technische Animation"},"content":{"rendered":"<h4 class=\"wp-block-heading\"><strong>Technische Animation: Verbesserung der Visualisierung und Kommunikation durch realistische 3D-Grafiken<\/strong><\/h4>\n\n\n\n<p>Auf der Suche nach einem Ingenieurwesen und <a href=\"https:\/\/simpleframe.com\/de\/knowledge-base\/what-is-technical-animation\/\">technisch<\/a> Animationsstudio, das Ihre Produktpr\u00e4sentation und Prozessbeschreibung aufwertet? Simple Frame <a href=\"https:\/\/simpleframe.com\/de\/knowledge-base\/the-power-of-3d-animation-voestelpine\/\">3D-Animation<\/a> Studio bietet eine umfassende L\u00f6sung unter Verwendung hochwertiger <a href=\"https:\/\/simpleframe.com\/de\/knowledge-base\/3d-technical-animation-minimatic\/\">technische Animation<\/a> und fotorealistisch <a href=\"https:\/\/marketingvideo.com.pl\/animacja-komputerowa\/\" data-type=\"link\" data-id=\"https:\/\/marketingvideo.com.pl\/animacja-komputerowa\/\" rel=\"noopener\">3D-Grafiken<\/a> komplexe Konzepte und Prozesse effektiv zu vermitteln.<\/p>\n\n\n\n<p>Unsere Expertise liegt in der Erstellung faszinierender 3D-Renderings, schematischer Zeichnungen und kommerzieller Animationen, die Ihre Ideen zum Leben erwecken. Von Skizzen auf Servietten bis hin zu ausgefeilten Konzepten \u2013 wir verwandeln Ihre Visionen nahtlos in visuell ansprechende Darstellungen.<br><iframe loading=\"lazy\" title=\"Kamoka_3d\" src=\"https:\/\/player.vimeo.com\/video\/629901725?badge=0&amp;autopause=0&amp;player_id=0&amp;app_id=58479\" width=\"1920\" height=\"1080\" frameborder=\"0\"><\/iframe><br>Unser Team aus erfahrenen Animatoren und Ingenieuren verf\u00fcgt \u00fcber fundierte Kenntnisse der technischen Grundlagen und Konzepte, sodass wir Ihre Produkte, Prozesse und Ideen pr\u00e4zise und auf eine Weise darstellen k\u00f6nnen, die Ihre Zielgruppe anspricht.<\/p>\n\n\n\n<p>Ganz gleich, ob Sie ein Ingenieurb\u00fcro, ein kleines Unternehmen, ein Start-up, einen Erfinder oder ein Crowdfunding-Projekt vertreten \u2013 Simple Frame 3D Animation Studio ist bestrebt, wirkungsvolle Animationen zu liefern, die auf Ihre individuellen Gesch\u00e4ftsziele abgestimmt sind.<\/p>\n\n\n\n<p>Unsere Kundschaft umfasst verschiedene Branchen und Standorte weltweit, was unsere F\u00e4higkeit unterstreicht, uns an unterschiedliche Projektanforderungen anzupassen und innerhalb festgelegter Budgets au\u00dfergew\u00f6hnliche Ergebnisse zu erzielen.<\/p>\n\n\n\n<p>Nutzen Sie die Leistungsf\u00e4higkeit realistischer 3D-Animationen und Grafiken, um Ihre Marketingma\u00dfnahmen und Produkte zu verbessern. <a href=\"https:\/\/simpleframe.com\/de\/knowledge-base\/what-is-3d-visualization\/\">Visualisierung<\/a>, und Publikumsbeteiligung. <a href=\"https:\/\/simpleframe.pl\/animacja-2d\/\" data-type=\"link\" data-id=\"https:\/\/simpleframe.pl\/animacja-2d\/\" rel=\"noopener\">Einfacher Rahmen<\/a> 3D Animation Studio ist Ihr zuverl\u00e4ssiger Partner, wenn es darum geht, Ideen in faszinierende Bilder zu verwandeln, die zum Erfolg f\u00fchren.<\/p>\n\n\n\n<h4 class=\"wp-block-heading\"><strong>Technische Animation: Visualisierung und Kommunikation erm\u00f6glichen mit <a data-type=\"link\" data-id=\"https:\/\/simpleframe.com\/\" href=\"https:\/\/simpleframe.com\/de\/\">Realistisches 3D<\/a> Grafiken<\/strong><\/h4>\n\n\n\n<p>Simple Frame 3D Animation Studio bietet eine umfassende Palette an technischen und ingenieurtechnischen Animationsdienstleistungen und setzt dabei hochwertige technische Animationen und fotorealistische Darstellungen ein. <a href=\"https:\/\/simpleframe.pl\/animacja-techniczna\/\" data-type=\"link\" data-id=\"https:\/\/simpleframe.pl\/animacja-techniczna\/\" rel=\"noopener\">3D-Grafiken<\/a> komplexe Konzepte und Prozesse effektiv zu vermitteln.<\/p>\n\n\n\n<h4 class=\"wp-block-heading\"><strong>Videoproduktion<\/strong><\/h4>\n\n\n\n<p><br>Unser Team aus erfahrenen Videografen und Animatoren erstellt fesselnde Videoinhalte, die Ihr Publikum informieren und begeistern. Wir sind spezialisiert auf die Produktion von <a href=\"https:\/\/simpleframe.com\/de\/knowledge-base\/medical-procedure-animation\/\">medizinisch<\/a> <a href=\"https:\/\/simpleframe.com\/de\/knowledge-base\/film-production\/\">Videoproduktion<\/a>, Gerichtsanimationen, kommerzielle Videoproduktionen, Motion-Graphics-Dienstleistungen und industrielle 3D-Animationen f\u00fcr Fertigungsprozesse.<\/p>\n\n\n\n<h4 class=\"wp-block-heading\"><strong>Animation zur Visualisierung von Rechenzentren<\/strong><\/h4>\n\n\n\n<p><br>Wir erstellen beeindruckende 3D-Visualisierungen von Rechenzentren, die ein klares Verst\u00e4ndnis ihres Designs, ihrer Anordnung und ihrer Infrastruktur vermitteln. Unsere Animationsdienste zur Visualisierung von Rechenzentren helfen Ihnen dabei, die Leistung zu optimieren, Probleme zu identifizieren <a href=\"https:\/\/simpleframe.com\/de\/knowledge-base\/3d-technical-animation\/\">potenziell<\/a> Probleme und komplexe Konzepte den Stakeholdern vermitteln.<\/p>\n\n\n\n<figure class=\"wp-block-image size-large\"><img loading=\"lazy\" decoding=\"async\" width=\"1024\" height=\"320\" src=\"https:\/\/simpleframe.com\/wp-content\/uploads\/2023\/12\/3d_01-1024x320.jpg\" alt=\"Engineering and Technical Animation\" class=\"wp-image-237\" srcset=\"https:\/\/simpleframe.com\/wp-content\/uploads\/2023\/12\/3d_01-1024x320.jpg 1024w, https:\/\/simpleframe.com\/wp-content\/uploads\/2023\/12\/3d_01-300x94.jpg 300w, https:\/\/simpleframe.com\/wp-content\/uploads\/2023\/12\/3d_01-768x240.jpg 768w, https:\/\/simpleframe.com\/wp-content\/uploads\/2023\/12\/3d_01-1536x480.jpg 1536w, https:\/\/simpleframe.com\/wp-content\/uploads\/2023\/12\/3d_01-1000x313.jpg 1000w, https:\/\/simpleframe.com\/wp-content\/uploads\/2023\/12\/3d_01-230x72.jpg 230w, https:\/\/simpleframe.com\/wp-content\/uploads\/2023\/12\/3d_01-350x109.jpg 350w, https:\/\/simpleframe.com\/wp-content\/uploads\/2023\/12\/3d_01-480x150.jpg 480w, https:\/\/simpleframe.com\/wp-content\/uploads\/2023\/12\/3d_01.jpg 1920w\" sizes=\"auto, (max-width: 1024px) 100vw, 1024px\" \/><\/figure>\n\n\n\n<h4 class=\"wp-block-heading\"><strong>Forensische Animationsdienstleistungen<\/strong><\/h4>\n\n\n\n<p><br>Unsere forensischen Animationsdienstleistungen werden eingesetzt, um Tatorte nachzubilden, Unfallherg\u00e4nge zu veranschaulichen und visuelle Beweise f\u00fcr Gerichtsverfahren zu liefern. Mit unserer Expertise in 3D-Animation und technischer Grafik k\u00f6nnen wir Beweise genau darstellen und Ermittlungen unterst\u00fctzen.<\/p>\n\n\n\n<h4 class=\"wp-block-heading\"><strong>Industrielle 3D-Animation und milit\u00e4rische Animation<\/strong><\/h4>\n\n\n\n<p><br>Wir erstellen 3D-Animationen f\u00fcr industrielle Anwendungen, wie Maschinenbetrieb, Prozessablaufdiagramme und Trainingssimulationen. Unsere Animationsdienstleistungen f\u00fcr das Milit\u00e4r umfassen die Erstellung von Trainingssimulationen, Virtual-Reality-Umgebungen und <a data-type=\"link\" data-id=\"https:\/\/www.animacje-komputerowe.com.pl\/\" href=\"https:\/\/www.animacje-komputerowe.com.pl\/\" rel=\"noopener\">3D-Visualisierungen<\/a> von Waffensystemen.<\/p>\n\n\n\n<h4 class=\"wp-block-heading\"><strong>Virtuelle 3D-Rundg\u00e4nge, Rundfl\u00fcge und Begehungen<\/strong><\/h4>\n\n\n\n<p><br>Wir bieten Virtual-Reality- (VR) und Augmented-Reality- (AR) L\u00f6sungen f\u00fcr immersive Erlebnisse. Mit unseren 3D-Begehungen und virtuellen Rundg\u00e4ngen durch Ihre Anlage k\u00f6nnen Sie Ihren Raum bereits vor Fertigstellung visualisieren und interaktiv erleben.<\/p>\n\n\n\n<h4 class=\"wp-block-heading\"><strong>Prozess-, Fertigungs- und Arbeitsablaufsimulationen<\/strong><\/h4>\n\n\n\n<p><br>Wir erstellen Simulationen komplexer Prozesse, Fertigungsabl\u00e4ufe und technischer Systeme. Unsere Animationen vermitteln ein dynamisches Verst\u00e4ndnis der Funktionsweise von Systemen, identifizieren potenzielle Engp\u00e4sse und optimieren die Effizienz.<br><iframe loading=\"lazy\" title=\"MiniMatic_de.mp4\" src=\"https:\/\/player.vimeo.com\/video\/659579398?badge=0&amp;autopause=0&amp;player_id=0&amp;app_id=58479\" width=\"1920\" height=\"1080\" frameborder=\"0\"><\/iframe><br><\/p>\n\n\n\n<h4 class=\"wp-block-heading\"><strong>Grafiken und 3D-Animationen f\u00fcr Investorenpr\u00e4sentationen<\/strong><\/h4>\n\n\n\n<p><br>Unsere \u00fcberzeugenden Grafiken und 3D-Animationen werten Investorenpr\u00e4sentationen auf, begeistern Stakeholder und vermitteln den Wert Ihres Unternehmens oder Projekts. Wir erstellen 3D-Visualisierungen von Produkten, Prozessen und Markttrends, um Ihr Publikum zu fesseln.<\/p>\n\n\n\n<h4 class=\"wp-block-heading\"><strong>Chemische und wissenschaftliche Animation<\/strong><\/h4>\n\n\n\n<p><br>Wir produzieren chemische und wissenschaftliche Animationen, die komplexe wissenschaftliche Konzepte auf leicht verst\u00e4ndliche Weise erkl\u00e4ren. Unsere Animationen werden in Bildungsumgebungen, Forschungspr\u00e4sentationen und Marketingmaterialien verwendet.<\/p>\n\n\n\n<h4 class=\"wp-block-heading\"><strong>3D-Modellierung<\/strong><\/h4>\n\n\n\n<p><br>Unser Team aus erfahrenen 3D-Modellierern erstellt hochdetaillierte 3D-Darstellungen von Produkten, Geb\u00e4uden und Landschaften. Wir nutzen modernste 3D-Technologie. <a href=\"https:\/\/simpleframe.com\/de\/knowledge-base\/what-is-3d-modeling\/\">Modellierung<\/a> Software zur Erstellung pr\u00e4ziser und fotorealistischer Modelle f\u00fcr eine Vielzahl von Anwendungen.<\/p>\n\n\n\n<h4 class=\"wp-block-heading\"><strong>Architektonische 3D-Renderings<\/strong><\/h4>\n\n\n\n<p><br>Unsere Architektur <a data-type=\"link\" data-id=\"https:\/\/simpleframe.pl\/animacja-produktowa\/\" href=\"https:\/\/simpleframe.pl\/animacja-produktowa\/\" rel=\"noopener\">3D-Renderings<\/a> bieten eine realistische Darstellung Ihres architektonischen Entwurfs, sodass Sie Ihr Projekt vor Baubeginn visualisieren und verfeinern k\u00f6nnen. Wir erstellen 3D-Renderings aus Grundrissen, Ansichten und Lagepl\u00e4nen, die die \u00c4sthetik und die funktionalen Aspekte Ihres Projekts hervorheben.<\/p>\n\n\n\n<h4 class=\"wp-block-heading\"><strong>Messe-Grafiken, Animationen und Pr\u00e4sentationsmaterialien<\/strong><\/h4>\n\n\n\n<p><br>Wir entwerfen und entwickeln ansprechende Messegrafiken, Animationen und Pr\u00e4sentationsmaterialien, die Ihre Botschaft potenziellen Kunden und Partnern wirkungsvoll vermitteln. Unsere Messegrafiken sind auff\u00e4llig und informativ, w\u00e4hrend unsere Animationen ansprechend und einpr\u00e4gsam sind.<\/p>\n\n\n\n<h4 class=\"wp-block-heading\"><strong>VR-Sicherheitstraining<\/strong><\/h4>\n\n\n\n<p><br>Unsere VR <a href=\"https:\/\/simpleframe.com\/de\/knowledge-base\/health-and-safety-training\/\">Sicherheit<\/a> Trainingssimulationen bieten immersive und realistische Erfahrungen, die den Mitarbeitern helfen, Sicherheitsverfahren zu verstehen und anzuwenden. Unsere VR-Trainingssimulationen tragen wirksam dazu bei, Unf\u00e4lle zu reduzieren und eine Sicherheitskultur in Ihrem Unternehmen zu f\u00f6rdern.<br><iframe loading=\"lazy\" title=\"ZPAS_Produkte\" src=\"https:\/\/player.vimeo.com\/video\/878641548?badge=0&amp;autopause=0&amp;player_id=0&amp;app_id=58479\" width=\"1920\" height=\"1080\" frameborder=\"0\"><\/iframe><br><\/p>\n\n\n\n<h4 class=\"wp-block-heading\"><strong>Skriptdienste<\/strong><\/h4>\n\n\n\n<p><br>Unser Team aus erfahrenen Drehbuchautoren erstellt \u00fcberzeugende Drehb\u00fccher f\u00fcr Ihre Animationen, Videos und andere Marketingmaterialien. Wir erstellen Drehb\u00fccher, die auf Ihre Zielgruppe, Ihre Markenbotschaft und Ihre Gesamtziele abgestimmt sind.<\/p>\n\n\n\n<p><\/p>","protected":false},"excerpt":{"rendered":"<p>Engineering and Technical Animation: Empowering Visualization and Communication with Realistic 3D Graphics In search of an engineering and technical animation studio that [&hellip;]<\/p>\n","protected":false},"author":1,"featured_media":0,"parent":0,"menu_order":0,"comment_status":"closed","ping_status":"closed","template":"","meta":{"footnotes":""},"class_list":["post-229","page","type-page","status-publish","hentry"],"_links":{"self":[{"href":"https:\/\/simpleframe.com\/de\/wp-json\/wp\/v2\/pages\/229","targetHints":{"allow":["GET"]}}],"collection":[{"href":"https:\/\/simpleframe.com\/de\/wp-json\/wp\/v2\/pages"}],"about":[{"href":"https:\/\/simpleframe.com\/de\/wp-json\/wp\/v2\/types\/page"}],"author":[{"embeddable":true,"href":"https:\/\/simpleframe.com\/de\/wp-json\/wp\/v2\/users\/1"}],"replies":[{"embeddable":true,"href":"https:\/\/simpleframe.com\/de\/wp-json\/wp\/v2\/comments?post=229"}],"version-history":[{"count":9,"href":"https:\/\/simpleframe.com\/de\/wp-json\/wp\/v2\/pages\/229\/revisions"}],"predecessor-version":[{"id":1068,"href":"https:\/\/simpleframe.com\/de\/wp-json\/wp\/v2\/pages\/229\/revisions\/1068"}],"wp:attachment":[{"href":"https:\/\/simpleframe.com\/de\/wp-json\/wp\/v2\/media?parent=229"}],"curies":[{"name":"wp","href":"https:\/\/api.w.org\/{rel}","templated":true}]}}