{"id":187,"date":"2023-12-09T15:58:22","date_gmt":"2023-12-09T14:58:22","guid":{"rendered":"https:\/\/simpleframe.com\/?page_id=187"},"modified":"2024-12-31T10:26:57","modified_gmt":"2024-12-31T09:26:57","slug":"animation-production","status":"publish","type":"page","link":"https:\/\/simpleframe.com\/de\/animation-production\/","title":{"rendered":"Animation Produktion"},"content":{"rendered":"<h2 class=\"wp-block-heading\"><strong>Die Auswirkungen der Animationsproduktion auf den Absatz von Unterhaltungselektronik<\/strong><\/h2>\n\n\n\n<p>In der dynamischen Landschaft der Unterhaltungselektronik spielt die Produktion von Animationen eine immer wichtigere Rolle bei der Beeinflussung von Kaufentscheidungen. Im Zuge der technologischen Entwicklung ist der Bedarf an fesselnden visuellen Erz\u00e4hlungen f\u00fcr die Vermarktung von Produkten, insbesondere von Telefonen und anderer Unterhaltungselektronik, noch nie so gro\u00df gewesen wie heute. <a href=\"https:\/\/simpleframe.com\/de\/category\/3d-animation\/\">Animation<\/a>, mit seinem vielseitigen Toolkit, das 3D <a href=\"https:\/\/simpleframe.com\/de\/knowledge-base\/what-is-3d-modeling\/\">Modellierung<\/a>, <a href=\"https:\/\/simpleframe.com\/de\/knowledge-base\/what-is-texturing-in-3d-animation\/\">Texturierung<\/a>, Rendering und komplizierte Kamerabewegungen oder Schl\u00fcsselbilder haben sich als leistungsf\u00e4higes Medium erwiesen, um die Verbraucher zu fesseln und zu begeistern.<br><iframe loading=\"lazy\" title=\"Elektronik\" src=\"https:\/\/player.vimeo.com\/video\/99328813?badge=0&amp;autopause=0&amp;player_id=0&amp;app_id=58479\" width=\"1920\" height=\"1080\" frameborder=\"0\"><\/iframe><br><\/p>\n\n\n\n<h2 class=\"wp-block-heading\">Wie machen wir das?<\/h2>\n\n\n\n<p>Der Prozess der Animationsproduktion beginnt mit der 3D-Modellierung, bei der K\u00fcnstler akribisch digitale Darstellungen von Produkten, einschlie\u00dflich Handys und elektronischen Ger\u00e4ten, entwerfen. Dieser Schritt erm\u00f6glicht ein Ma\u00df an Pr\u00e4zision und Detailgenauigkeit, das mit herk\u00f6mmlichen Fotos nicht immer erreicht werden kann. Der Vorteil der 3D-Modellierung liegt in der F\u00e4higkeit, die komplizierten Merkmale und Designelemente eines Produkts aus verschiedenen Blickwinkeln darzustellen, so dass die Verbraucher einen umfassenden \u00dcberblick erhalten, der sowohl informativ als auch visuell ansprechend ist.<\/p>\n\n\n\n<figure class=\"wp-block-image size-full\"><img loading=\"lazy\" decoding=\"async\" width=\"960\" height=\"300\" src=\"http:\/\/simpleframe.com\/wp-content\/uploads\/2024\/03\/Motion_02-1.jpg\" alt=\"animation production\" class=\"wp-image-656\" srcset=\"https:\/\/simpleframe.com\/wp-content\/uploads\/2024\/03\/Motion_02-1.jpg 960w, https:\/\/simpleframe.com\/wp-content\/uploads\/2024\/03\/Motion_02-1-300x94.jpg 300w, https:\/\/simpleframe.com\/wp-content\/uploads\/2024\/03\/Motion_02-1-768x240.jpg 768w, https:\/\/simpleframe.com\/wp-content\/uploads\/2024\/03\/Motion_02-1-230x72.jpg 230w, https:\/\/simpleframe.com\/wp-content\/uploads\/2024\/03\/Motion_02-1-350x109.jpg 350w, https:\/\/simpleframe.com\/wp-content\/uploads\/2024\/03\/Motion_02-1-480x150.jpg 480w\" sizes=\"auto, (max-width: 960px) 100vw, 960px\" \/><\/figure>\n\n\n\n<p>Die Texturierung f\u00fcgt eine weitere Ebene des Realismus zu den <a href=\"https:\/\/simpleframe.pl\/intro\/\" rel=\"noopener\">animierte<\/a> Darstellung. Mit ausgefeilten Techniken bringen die K\u00fcnstler Texturen an, die die in den Ger\u00e4ten verwendeten Materialien simulieren. Diese Liebe zum Detail verbessert die Wahrnehmung der Produktqualit\u00e4t durch den Betrachter und f\u00f6rdert das Gef\u00fchl von Vertrauen und Begehrlichkeit. Ob es sich um die glatte Metalloberfl\u00e4che eines Smartphones oder die weiche Textur eines hochmodernen Ger\u00e4ts handelt, die Texturierung spielt eine entscheidende Rolle bei der Schaffung eines lebensechten visuellen Erlebnisses.<\/p>\n\n\n\n<figure class=\"wp-block-image size-full\"><img loading=\"lazy\" decoding=\"async\" width=\"960\" height=\"300\" src=\"http:\/\/simpleframe.com\/wp-content\/uploads\/2024\/03\/Motion_01.jpg\" alt=\"animation production\" class=\"wp-image-655\" srcset=\"https:\/\/simpleframe.com\/wp-content\/uploads\/2024\/03\/Motion_01.jpg 960w, https:\/\/simpleframe.com\/wp-content\/uploads\/2024\/03\/Motion_01-300x94.jpg 300w, https:\/\/simpleframe.com\/wp-content\/uploads\/2024\/03\/Motion_01-768x240.jpg 768w, https:\/\/simpleframe.com\/wp-content\/uploads\/2024\/03\/Motion_01-230x72.jpg 230w, https:\/\/simpleframe.com\/wp-content\/uploads\/2024\/03\/Motion_01-350x109.jpg 350w, https:\/\/simpleframe.com\/wp-content\/uploads\/2024\/03\/Motion_01-480x150.jpg 480w\" sizes=\"auto, (max-width: 960px) 100vw, 960px\" \/><\/figure>\n\n\n\n<p>Sobald die <a href=\"https:\/\/www.animacje-komputerowe.com.pl\/\" rel=\"noopener\">3D-Modellierung<\/a> und die Texturierungsphase abgeschlossen sind, geht die Animation in den Bereich des Renderings \u00fcber. Bei diesem Prozess werden die digitalen Modelle in naturgetreue Bilder oder Videos umgewandelt. Qualitativ hochwertiges Rendering ist unerl\u00e4sslich, um Bilder zu erstellen, die von der Realit\u00e4t nicht zu unterscheiden sind und die Produkte im besten Licht erscheinen lassen. Die Verbraucher f\u00fchlen sich eher zu Produkten hingezogen, die so realistisch dargestellt sind, dass sie ihren Erwartungen entsprechen.<br><iframe loading=\"lazy\" title=\"MyPhone\" src=\"https:\/\/player.vimeo.com\/video\/107521390?badge=0&amp;autopause=0&amp;player_id=0&amp;app_id=58479\" width=\"1280\" height=\"720\" frameborder=\"0\"><\/iframe><br>Die Kunst der Kamerabewegungen und Schl\u00fcsselbilder erweckt die Animation zum Leben und erm\u00f6glicht eine dynamische und fesselnde Pr\u00e4sentation. Strategische Kamerawinkel heben bestimmte Merkmale hervor, lenken die Aufmerksamkeit des Betrachters und schaffen einen Erz\u00e4hlfluss. Ob es sich um einen Schwenk handelt, der das schlanke Profil eines neuen Telefons zeigt, oder um eine Nahaufnahme, die komplizierte Details hervorhebt, diese <a href=\"https:\/\/simpleframe.com\/de\/product-animation\/\">Kamerabewegungen<\/a> spielen eine entscheidende Rolle, wenn es darum geht, die Wahrnehmung des Betrachters zu pr\u00e4gen und Interesse zu wecken.<\/p>\n\n\n\n<h2 class=\"wp-block-heading\">Marketinginstrument<\/h2>\n\n\n\n<p>Im Zusammenhang mit dem Verkauf von Telefonen und Unterhaltungselektronik dient die Animation als \u00dcberzeugungsinstrument, indem sie visuell beeindruckende und emotional ansprechende Inhalte schafft. Den Verbrauchern wird nicht nur eine Liste von Spezifikationen pr\u00e4sentiert, sondern sie werden auf eine visuelle Reise mitgenommen, die die F\u00e4higkeiten und Alleinstellungsmerkmale des Produkts demonstriert. Dieses eindringliche Erlebnis verbessert die Markenwahrnehmung und f\u00f6rdert eine tiefere Verbindung zwischen dem Verbraucher und dem Produkt.<\/p>\n\n\n\n<p>Dar\u00fcber hinaus bietet die Animation die <a href=\"https:\/\/simpleframe.pl\/produkcja-animacji\/\" rel=\"noopener\">Flexibilit\u00e4t<\/a> um Merkmale zu zeigen, die mit herk\u00f6mmlichen Mitteln nur schwer zu erfassen sind. Die Animation kann zum Beispiel die nahtlose Integration von Spitzentechnologie wie Gesichtserkennung oder innovative Kamerafunktionen veranschaulichen. Diese dynamischen Pr\u00e4sentationen kl\u00e4ren den Verbraucher nicht nur auf, sondern wecken auch Vorfreude und Begeisterung f\u00fcr das Produkt.<br><iframe loading=\"lazy\" title=\"Technische Animacja\" src=\"https:\/\/player.vimeo.com\/video\/246983173?badge=0&amp;autopause=0&amp;player_id=0&amp;app_id=58479\" width=\"1920\" height=\"1080\" frameborder=\"0\"><\/iframe><br><\/p>\n\n\n\n<h2 class=\"wp-block-heading\">Schlussfolgerung<\/h2>\n\n\n\n<p>Zusammenfassend l\u00e4sst sich sagen, dass die Produktion von Animationen die Art und Weise, wie Unterhaltungselektronik, einschlie\u00dflich Handys, vermarktet und verkauft wird, revolutioniert hat. Die Integration von <a href=\"https:\/\/simpleframe.pl\/animacja-3d\/\" rel=\"noopener\">3D-Modellierung<\/a>Texturierung, Rendering und fachm\u00e4nnisch ausgearbeitete Kamerabewegungen oder Schl\u00fcsselbilder schaffen eine visuelle Erz\u00e4hlung, die \u00fcber herk\u00f6mmliche Werbemethoden hinausgeht. Da die Technologie weiter voranschreitet, wird die Animationsproduktion ein Eckpfeiler im Arsenal der Instrumente bleiben, die zur Beeinflussung der Verbraucher eingesetzt werden. <a href=\"https:\/\/simpleframe.com\/de\/video-explainer\/\">Verhalten<\/a> und den Absatz in der wettbewerbsintensiven Landschaft der Unterhaltungselektronik zu f\u00f6rdern.<\/p>","protected":false},"excerpt":{"rendered":"<p>The Impact of Animation Production on Consumer Electronics Sales In the dynamic landscape of consumer electronics, the role of animation production has [&hellip;]<\/p>\n","protected":false},"author":1,"featured_media":0,"parent":0,"menu_order":0,"comment_status":"closed","ping_status":"closed","template":"","meta":{"footnotes":""},"class_list":["post-187","page","type-page","status-publish","hentry"],"_links":{"self":[{"href":"https:\/\/simpleframe.com\/de\/wp-json\/wp\/v2\/pages\/187","targetHints":{"allow":["GET"]}}],"collection":[{"href":"https:\/\/simpleframe.com\/de\/wp-json\/wp\/v2\/pages"}],"about":[{"href":"https:\/\/simpleframe.com\/de\/wp-json\/wp\/v2\/types\/page"}],"author":[{"embeddable":true,"href":"https:\/\/simpleframe.com\/de\/wp-json\/wp\/v2\/users\/1"}],"replies":[{"embeddable":true,"href":"https:\/\/simpleframe.com\/de\/wp-json\/wp\/v2\/comments?post=187"}],"version-history":[{"count":14,"href":"https:\/\/simpleframe.com\/de\/wp-json\/wp\/v2\/pages\/187\/revisions"}],"predecessor-version":[{"id":1060,"href":"https:\/\/simpleframe.com\/de\/wp-json\/wp\/v2\/pages\/187\/revisions\/1060"}],"wp:attachment":[{"href":"https:\/\/simpleframe.com\/de\/wp-json\/wp\/v2\/media?parent=187"}],"curies":[{"name":"wp","href":"https:\/\/api.w.org\/{rel}","templated":true}]}}